{"id":2451,"date":"2016-04-12T15:25:05","date_gmt":"2016-04-12T12:25:05","guid":{"rendered":"http:\/\/fuelcleaning.globecore.com\/?page_id=2451"},"modified":"2019-12-09T12:24:01","modified_gmt":"2019-12-09T09:24:01","slug":"transformer-oil-regeneration-plant-cmm-r2","status":"publish","type":"page","link":"https:\/\/fuelcleaning.globecore.com\/fr\/transformer-oil-regeneration-plant-cmm-r2\/","title":{"rendered":"SYST\u00c8ME DE R\u00c9G\u00c9N\u00c9RATION D\u2019HUILE CMM-R2"},"content":{"rendered":"","protected":false},"excerpt":{"rendered":"","protected":false},"author":2,"featured_media":4941,"parent":0,"menu_order":0,"comment_status":"closed","ping_status":"closed","template":"page-templates\/page-single-products.php","meta":{"footnotes":""},"class_list":["post-2451","page","type-page","status-publish","has-post-thumbnail","hentry"],"language":"fr","acf":[],"_links":{"self":[{"href":"https:\/\/fuelcleaning.globecore.com\/fr\/wp-json\/wp\/v2\/pages\/2451","targetHints":{"allow":["GET"]}}],"collection":[{"href":"https:\/\/fuelcleaning.globecore.com\/fr\/wp-json\/wp\/v2\/pages"}],"about":[{"href":"https:\/\/fuelcleaning.globecore.com\/fr\/wp-json\/wp\/v2\/types\/page"}],"author":[{"embeddable":true,"href":"https:\/\/fuelcleaning.globecore.com\/fr\/wp-json\/wp\/v2\/users\/2"}],"replies":[{"embeddable":true,"href":"https:\/\/fuelcleaning.globecore.com\/fr\/wp-json\/wp\/v2\/comments?post=2451"}],"version-history":[{"count":0,"href":"https:\/\/fuelcleaning.globecore.com\/fr\/wp-json\/wp\/v2\/pages\/2451\/revisions"}],"wp:featuredmedia":[{"embeddable":true,"href":"https:\/\/fuelcleaning.globecore.com\/fr\/wp-json\/wp\/v2\/media\/4941"}],"wp:attachment":[{"href":"https:\/\/fuelcleaning.globecore.com\/fr\/wp-json\/wp\/v2\/media?parent=2451"}],"curies":[{"name":"wp","href":"https:\/\/api.w.org\/{rel}","templated":true}]}}