{"id":5532,"date":"2013-12-05T06:58:20","date_gmt":"2013-12-05T06:58:20","guid":{"rendered":"https:\/\/fuelcleaning.globecore.com\/installation-uvr-45016v-explosion-proof-version.html\/"},"modified":"2020-01-14T09:19:20","modified_gmt":"2020-01-14T06:19:20","slug":"installation-uvr-45016v-explosion-proof-version","status":"publish","type":"page","link":"https:\/\/fuelcleaning.globecore.com\/fr\/installation-uvr-45016v-explosion-proof-version\/","title":{"rendered":"UNIT\u00c9S DE R\u00c9G\u00c9N\u00c9RATION D\u2019HUILE UVR-450\/16"},"content":{"rendered":"<div id=\"pl-5532\" class=\"panel-layout\">\n<div id=\"pg-5532-0\" class=\"panel-grid panel-no-style\">\n<div id=\"pgc-5532-0-0\" class=\"panel-grid-cell\">\n<div id=\"panel-5532-0-0-0\" class=\"so-panel widget widget_sow-editor panel-first-child panel-last-child\">\n<div class=\"so-widget-sow-editor so-widget-sow-editor-base\">\n<div class=\"siteorigin-widget-tinymce textwidget\">\n<p>&nbsp;<\/p>\n<\/div>\n<\/div>\n<\/div>\n<\/div>\n<\/div>\n<\/div>\n","protected":false},"excerpt":{"rendered":"<p>&nbsp;<\/p>\n","protected":false},"author":1,"featured_media":0,"parent":0,"menu_order":0,"comment_status":"closed","ping_status":"closed","template":"page-templates\/page-single-products.php","meta":{"footnotes":""},"class_list":["post-5532","page","type-page","status-publish","hentry"],"language":"fr","acf":[],"_links":{"self":[{"href":"https:\/\/fuelcleaning.globecore.com\/fr\/wp-json\/wp\/v2\/pages\/5532","targetHints":{"allow":["GET"]}}],"collection":[{"href":"https:\/\/fuelcleaning.globecore.com\/fr\/wp-json\/wp\/v2\/pages"}],"about":[{"href":"https:\/\/fuelcleaning.globecore.com\/fr\/wp-json\/wp\/v2\/types\/page"}],"author":[{"embeddable":true,"href":"https:\/\/fuelcleaning.globecore.com\/fr\/wp-json\/wp\/v2\/users\/1"}],"replies":[{"embeddable":true,"href":"https:\/\/fuelcleaning.globecore.com\/fr\/wp-json\/wp\/v2\/comments?post=5532"}],"version-history":[{"count":0,"href":"https:\/\/fuelcleaning.globecore.com\/fr\/wp-json\/wp\/v2\/pages\/5532\/revisions"}],"wp:attachment":[{"href":"https:\/\/fuelcleaning.globecore.com\/fr\/wp-json\/wp\/v2\/media?parent=5532"}],"curies":[{"name":"wp","href":"https:\/\/api.w.org\/{rel}","templated":true}]}}