{"id":5553,"date":"2016-09-14T14:32:01","date_gmt":"2016-09-14T11:32:01","guid":{"rendered":"https:\/\/fuelcleaning.globecore.com\/products\/transformer-oil-regeneration-plant.html\/"},"modified":"2019-12-04T11:47:13","modified_gmt":"2019-12-04T08:47:13","slug":"transformer-oil-regeneration-plant","status":"publish","type":"page","link":"https:\/\/fuelcleaning.globecore.com\/fr\/products\/transformer-oil-regeneration-plant\/","title":{"rendered":"SYST\u00c8ME DE R\u00c9G\u00c9N\u00c9RATION D\u2019HUILE CMM-R"},"content":{"rendered":"","protected":false},"excerpt":{"rendered":"","protected":false},"author":2,"featured_media":0,"parent":5537,"menu_order":0,"comment_status":"closed","ping_status":"closed","template":"page-templates\/page-single-products.php","meta":{"footnotes":""},"class_list":["post-5553","page","type-page","status-publish","hentry"],"language":"fr","acf":[],"_links":{"self":[{"href":"https:\/\/fuelcleaning.globecore.com\/fr\/wp-json\/wp\/v2\/pages\/5553","targetHints":{"allow":["GET"]}}],"collection":[{"href":"https:\/\/fuelcleaning.globecore.com\/fr\/wp-json\/wp\/v2\/pages"}],"about":[{"href":"https:\/\/fuelcleaning.globecore.com\/fr\/wp-json\/wp\/v2\/types\/page"}],"author":[{"embeddable":true,"href":"https:\/\/fuelcleaning.globecore.com\/fr\/wp-json\/wp\/v2\/users\/2"}],"replies":[{"embeddable":true,"href":"https:\/\/fuelcleaning.globecore.com\/fr\/wp-json\/wp\/v2\/comments?post=5553"}],"version-history":[{"count":0,"href":"https:\/\/fuelcleaning.globecore.com\/fr\/wp-json\/wp\/v2\/pages\/5553\/revisions"}],"up":[{"embeddable":true,"href":"https:\/\/fuelcleaning.globecore.com\/fr\/wp-json\/wp\/v2\/pages\/5537"}],"wp:attachment":[{"href":"https:\/\/fuelcleaning.globecore.com\/fr\/wp-json\/wp\/v2\/media?parent=5553"}],"curies":[{"name":"wp","href":"https:\/\/api.w.org\/{rel}","templated":true}]}}