{"id":5565,"date":"2016-09-06T15:25:44","date_gmt":"2016-09-06T12:25:44","guid":{"rendered":"https:\/\/fuelcleaning.globecore.com\/products\/bv-vacuum-unit.html\/"},"modified":"2019-12-03T11:13:30","modified_gmt":"2019-12-03T08:13:30","slug":"bv-vacuum-unit","status":"publish","type":"page","link":"https:\/\/fuelcleaning.globecore.com\/fr\/products\/bv-vacuum-unit\/","title":{"rendered":"UNIT\u00c9 DE VIDE BV"},"content":{"rendered":"<div id=\"pl-5565\" class=\"panel-layout\">\n<div id=\"pg-5565-0\" class=\"panel-grid panel-no-style\">\n<div id=\"pgc-5565-0-0\" class=\"panel-grid-cell\">\n<div id=\"panel-5565-0-0-0\" class=\"so-panel widget widget_sow-editor panel-first-child panel-last-child\">\n<div class=\"so-widget-sow-editor so-widget-sow-editor-base\">\n<div class=\"siteorigin-widget-tinymce textwidget\">\n<p><img loading=\"lazy\" decoding=\"async\" class=\"aligncenter size-medium wp-image-3999\" src=\"http:\/\/fuelcleaning.globecore.com\/wp-content\/uploads\/sites\/2\/2016\/09\/BV-2000-600x557.jpg\" alt=\"BV-2000\" width=\"600\" height=\"557\" \/><\/p>\n<\/div>\n<\/div>\n<\/div>\n<\/div>\n<div id=\"pgc-5565-0-1\" class=\"panel-grid-cell\">\n<div id=\"panel-5565-0-1-0\" class=\"so-panel widget widget_sow-editor panel-first-child panel-last-child\">\n<div class=\"so-widget-sow-editor so-widget-sow-editor-base\">\n<div class=\"siteorigin-widget-tinymce textwidget\">\n<p>L\u2019unit\u00e9 d\u2019aspiration BV est con\u00e7ue pour l\u2019\u00e9vacuation de l\u2019air, des gaz non agressifs, des vapeurs et des m\u00e9langes vapeur-gaz (apr\u00e8s \u00e9limination des gouttelettes d\u2019humidit\u00e9 et des particules solides) des syst\u00e8mes \u00e0 vide herm\u00e9tiques de l\u2019\u00e9quipement fixe \u00e0 la temp\u00e9rature de +5 \u00e0 + 40\u00baC\/42 \u00e0 104\u00baF.<\/p>\n<p><strong><em>GlobeCore<\/em><\/strong>\u00a0fabrique et fournit des \u00e9quipements pour la purification d\u2019huile de transformateur, de turbine, des huiles industrielles et d\u2019autres types d\u2019 huiles. Les unit\u00e9s de r\u00e9g\u00e9n\u00e9ration des huiles de l\u2019entreprise\u00a0<em><strong>GlobeCor<\/strong><strong>e<\/strong><\/em>\u00a0sont faciles \u00e0 utiliser et \u00e0 entretenir, elles sont pratiques et fonctionnelles. Les unit\u00e9s ne rejettent pas d\u2019\u00e9missions nocives dans l\u2019atmosph\u00e8re. En outre, elles consomment le minimum d\u2019\u00e9lectricit\u00e9 ce qui permet \u00e0 r\u00e9duire les d\u00e9penses.<\/p>\n<p>&nbsp;<\/p>\n<p style=\"text-align: center\"><strong>Avantages:<\/strong><\/p>\n<ul>\n<li>elle peut \u00eatre utilis\u00e9e conjointement avec les installations destin\u00e9es au d\u00e9gazage de l\u2019huile de transformateur;<\/li>\n<li>\u00e9vacuation rapide de l\u2019air, des gaz non corrosifs, des vapeurs et des m\u00e9langes vapeur-gaz des transformateurs;<\/li>\n<li>haute efficacit\u00e9 des processus de la mise sous vide.<\/li>\n<\/ul>\n<\/div>\n<\/div>\n<\/div>\n<\/div>\n<\/div>\n<div id=\"pg-5565-1\" class=\"panel-grid panel-no-style\">\n<div id=\"pgc-5565-1-0\" class=\"panel-grid-cell\">\n<div id=\"panel-5565-1-0-0\" class=\"so-panel widget widget_sow-editor panel-first-child panel-last-child\">\n<div class=\"so-widget-sow-editor so-widget-sow-editor-base\">\n<div class=\"siteorigin-widget-tinymce textwidget\">\n<table width=\"672\">\n<tbody>\n<tr>\n<td rowspan=\"2\" width=\"136\"><strong>Sp\u00e9cification<\/strong><\/td>\n<td colspan=\"5\" width=\"535\"><strong>Valeur<\/strong><\/td>\n<\/tr>\n<tr>\n<td width=\"105\"><strong>BV-200<\/strong><\/td>\n<td width=\"105\"><strong>BV-280<\/strong><\/td>\n<td width=\"106\"><strong>BV-500<\/strong><\/td>\n<td width=\"108\"><strong>BV-1000<\/strong><\/td>\n<td width=\"113\"><strong>BV-2000<\/strong><\/td>\n<\/tr>\n<tr>\n<td width=\"136\">Taux d\u2019\u00e9vacuation, m<sup>3<\/sup>\/heure yard cubique\/heure<\/td>\n<td width=\"105\">200<\/td>\n<td width=\"105\">280<\/td>\n<td width=\"106\">500<\/td>\n<td width=\"108\">1000<\/td>\n<td width=\"113\">2100<\/td>\n<\/tr>\n<tr>\n<td width=\"136\">Vide limite, mm Hg (torr)<\/td>\n<td width=\"105\">261<\/td>\n<td width=\"105\">366<\/td>\n<td width=\"106\">654<\/td>\n<td width=\"108\">1308<\/td>\n<td width=\"113\">2746<\/td>\n<\/tr>\n<tr>\n<td width=\"136\">Dimensions, mm\/pieds:<\/td>\n<td width=\"105\"><\/td>\n<td width=\"105\"><\/td>\n<td width=\"106\"><\/td>\n<td width=\"108\"><\/td>\n<td width=\"113\"><\/td>\n<\/tr>\n<tr>\n<td width=\"136\">\u25cf Longueur<\/td>\n<td width=\"105\">950<\/p>\n<p>3\u20191\u2019\u2019<\/p>\n<\/td>\n<td width=\"105\">950<\/p>\n<p>3\u20191\u2019\u2019<\/p>\n<\/td>\n<td width=\"106\">1200<\/p>\n<p>3\u201911\u2019\u2019<\/p>\n<\/td>\n<td width=\"108\">1400<\/p>\n<p>4\u20197\u2019\u2019<\/p>\n<\/td>\n<td width=\"113\">1500<\/p>\n<p>4\u201911<\/p>\n<\/td>\n<\/tr>\n<tr>\n<td width=\"136\">\u25cf Largeur<\/td>\n<td width=\"105\">660<\/p>\n<p>2\u20192\u2019\u2019<\/p>\n<\/td>\n<td width=\"105\">660<\/p>\n<p>2\u20192\u2019\u2019<\/p>\n<\/td>\n<td width=\"106\">890<\/p>\n<p>2\u201911\u2019\u2019<\/p>\n<\/td>\n<td width=\"108\">955<\/p>\n<p>3\u20192\u2019\u2019<\/p>\n<\/td>\n<td width=\"113\">1000<\/p>\n<p>3\u20193\u2019\u2019<\/p>\n<\/td>\n<\/tr>\n<tr>\n<td width=\"136\">\u25cf Hauteur avec\/sans vis \u00e0 \u0153il<\/td>\n<td width=\"105\">1330<\/p>\n<p>4\u20194\u2019\u2019<\/p>\n<\/td>\n<td width=\"105\">1330<\/p>\n<p>4\u20194\u2019\u2019<\/p>\n<\/td>\n<td width=\"106\">1400<\/p>\n<p>4\u20197\u2019\u2019<\/p>\n<\/td>\n<td width=\"108\">1400<\/p>\n<p>4\u20197\u2019\u2019<\/p>\n<\/td>\n<td width=\"113\">1610\/1500<\/p>\n<p>5\u20193\u2019\u2019\/4\u201911\u2019\u2019<\/p>\n<\/td>\n<\/tr>\n<tr>\n<td width=\"136\">Masse, kg\/livres<\/td>\n<td width=\"105\">300<\/p>\n<p>663<\/p>\n<\/td>\n<td width=\"105\">300<\/p>\n<p>663<\/p>\n<\/td>\n<td width=\"106\">650<\/p>\n<p>1,436.5<\/p>\n<\/td>\n<td width=\"108\">750<\/p>\n<p>1,657.5<\/p>\n<\/td>\n<td width=\"113\">1300<\/p>\n<p>2,873<\/p>\n<\/td>\n<\/tr>\n<\/tbody>\n<\/table>\n<p>&nbsp;<\/p>\n<p>&nbsp;<\/p>\n<\/div>\n<\/div>\n<\/div>\n<\/div>\n<\/div>\n<\/div>\n","protected":false},"excerpt":{"rendered":"<p>L\u2019unit\u00e9 d\u2019aspiration BV est con\u00e7ue pour l\u2019\u00e9vacuation de l\u2019air, des gaz non agressifs, des vapeurs et des m\u00e9langes vapeur-gaz (apr\u00e8s \u00e9limination des gouttelettes d\u2019humidit\u00e9 et des particules solides) des syst\u00e8mes \u00e0 vide herm\u00e9tiques de l\u2019\u00e9quipement fixe \u00e0 la temp\u00e9rature de +5 \u00e0 + 40\u00baC\/42 \u00e0 104\u00baF. GlobeCore\u00a0fabrique et fournit des \u00e9quipements pour la purification d\u2019huile<a class=\"cg-read-more\" href=\"https:\/\/fuelcleaning.globecore.com\/fr\/products\/bv-vacuum-unit\/\" target=\"_blank\">Read More <\/a><\/p>\n","protected":false},"author":2,"featured_media":0,"parent":5537,"menu_order":0,"comment_status":"closed","ping_status":"closed","template":"page-templates\/page-single-products.php","meta":{"footnotes":""},"class_list":["post-5565","page","type-page","status-publish","hentry"],"language":"fr","acf":[],"_links":{"self":[{"href":"https:\/\/fuelcleaning.globecore.com\/fr\/wp-json\/wp\/v2\/pages\/5565","targetHints":{"allow":["GET"]}}],"collection":[{"href":"https:\/\/fuelcleaning.globecore.com\/fr\/wp-json\/wp\/v2\/pages"}],"about":[{"href":"https:\/\/fuelcleaning.globecore.com\/fr\/wp-json\/wp\/v2\/types\/page"}],"author":[{"embeddable":true,"href":"https:\/\/fuelcleaning.globecore.com\/fr\/wp-json\/wp\/v2\/users\/2"}],"replies":[{"embeddable":true,"href":"https:\/\/fuelcleaning.globecore.com\/fr\/wp-json\/wp\/v2\/comments?post=5565"}],"version-history":[{"count":0,"href":"https:\/\/fuelcleaning.globecore.com\/fr\/wp-json\/wp\/v2\/pages\/5565\/revisions"}],"up":[{"embeddable":true,"href":"https:\/\/fuelcleaning.globecore.com\/fr\/wp-json\/wp\/v2\/pages\/5537"}],"wp:attachment":[{"href":"https:\/\/fuelcleaning.globecore.com\/fr\/wp-json\/wp\/v2\/media?parent=5565"}],"curies":[{"name":"wp","href":"https:\/\/api.w.org\/{rel}","templated":true}]}}