{"id":5656,"date":"2013-12-05T06:49:48","date_gmt":"2013-12-05T06:49:48","guid":{"rendered":"https:\/\/fuelcleaning.globecore.com\/fuel-oil-cleaning-system-uvr-4506.html\/"},"modified":"2019-12-05T16:23:59","modified_gmt":"2019-12-05T13:23:59","slug":"fuel-oil-cleaning-system-uvr-4506","status":"publish","type":"page","link":"https:\/\/fuelcleaning.globecore.com\/fr\/fuel-oil-cleaning-system-uvr-4506\/","title":{"rendered":"UNIT\u00c9S DE R\u00c9G\u00c9N\u00c9RATION D\u2019HUILE UVR-450\/6"},"content":{"rendered":"","protected":false},"excerpt":{"rendered":"","protected":false},"author":1,"featured_media":5665,"parent":0,"menu_order":0,"comment_status":"closed","ping_status":"closed","template":"page-templates\/page-single-products.php","meta":{"footnotes":""},"class_list":["post-5656","page","type-page","status-publish","has-post-thumbnail","hentry"],"language":"fr","acf":[],"_links":{"self":[{"href":"https:\/\/fuelcleaning.globecore.com\/fr\/wp-json\/wp\/v2\/pages\/5656","targetHints":{"allow":["GET"]}}],"collection":[{"href":"https:\/\/fuelcleaning.globecore.com\/fr\/wp-json\/wp\/v2\/pages"}],"about":[{"href":"https:\/\/fuelcleaning.globecore.com\/fr\/wp-json\/wp\/v2\/types\/page"}],"author":[{"embeddable":true,"href":"https:\/\/fuelcleaning.globecore.com\/fr\/wp-json\/wp\/v2\/users\/1"}],"replies":[{"embeddable":true,"href":"https:\/\/fuelcleaning.globecore.com\/fr\/wp-json\/wp\/v2\/comments?post=5656"}],"version-history":[{"count":0,"href":"https:\/\/fuelcleaning.globecore.com\/fr\/wp-json\/wp\/v2\/pages\/5656\/revisions"}],"wp:featuredmedia":[{"embeddable":true,"href":"https:\/\/fuelcleaning.globecore.com\/fr\/wp-json\/wp\/v2\/media\/5665"}],"wp:attachment":[{"href":"https:\/\/fuelcleaning.globecore.com\/fr\/wp-json\/wp\/v2\/media?parent=5656"}],"curies":[{"name":"wp","href":"https:\/\/api.w.org\/{rel}","templated":true}]}}