{"id":5702,"date":"2016-05-05T15:35:37","date_gmt":"2016-05-05T12:35:37","guid":{"rendered":"https:\/\/fuelcleaning.globecore.com\/products\/transformer-oil-regeneration-plant-cmm-12r.html\/"},"modified":"2019-12-23T10:20:58","modified_gmt":"2019-12-23T07:20:58","slug":"transformer-oil-regeneration-plant-cmm-12r","status":"publish","type":"page","link":"https:\/\/fuelcleaning.globecore.com\/fr\/products\/transformer-oil-regeneration-plant-cmm-12r\/","title":{"rendered":"SYST\u00c8ME DE R\u00c9G\u00c9N\u00c9RATION D\u2019HUILE CMM-R"},"content":{"rendered":"","protected":false},"excerpt":{"rendered":"","protected":false},"author":2,"featured_media":0,"parent":5537,"menu_order":0,"comment_status":"closed","ping_status":"closed","template":"page-templates\/page-single-products.php","meta":{"footnotes":""},"class_list":["post-5702","page","type-page","status-publish","hentry"],"language":"fr","acf":[],"_links":{"self":[{"href":"https:\/\/fuelcleaning.globecore.com\/fr\/wp-json\/wp\/v2\/pages\/5702","targetHints":{"allow":["GET"]}}],"collection":[{"href":"https:\/\/fuelcleaning.globecore.com\/fr\/wp-json\/wp\/v2\/pages"}],"about":[{"href":"https:\/\/fuelcleaning.globecore.com\/fr\/wp-json\/wp\/v2\/types\/page"}],"author":[{"embeddable":true,"href":"https:\/\/fuelcleaning.globecore.com\/fr\/wp-json\/wp\/v2\/users\/2"}],"replies":[{"embeddable":true,"href":"https:\/\/fuelcleaning.globecore.com\/fr\/wp-json\/wp\/v2\/comments?post=5702"}],"version-history":[{"count":0,"href":"https:\/\/fuelcleaning.globecore.com\/fr\/wp-json\/wp\/v2\/pages\/5702\/revisions"}],"up":[{"embeddable":true,"href":"https:\/\/fuelcleaning.globecore.com\/fr\/wp-json\/wp\/v2\/pages\/5537"}],"wp:attachment":[{"href":"https:\/\/fuelcleaning.globecore.com\/fr\/wp-json\/wp\/v2\/media?parent=5702"}],"curies":[{"name":"wp","href":"https:\/\/api.w.org\/{rel}","templated":true}]}}