{"id":5721,"date":"2016-09-12T14:27:36","date_gmt":"2016-09-12T11:27:36","guid":{"rendered":"https:\/\/fuelcleaning.globecore.com\/products\/zeolite-regeneration-units-brz.html\/"},"modified":"2020-01-02T11:32:27","modified_gmt":"2020-01-02T08:32:27","slug":"zeolite-regeneration-units-brz","status":"publish","type":"page","link":"https:\/\/fuelcleaning.globecore.com\/fr\/products\/zeolite-regeneration-units-brz\/","title":{"rendered":"L\u2019UNIT\u00c9 DE R\u00c9G\u00c9N\u00c9RATION DE Z\u00c9OLITE BRZ"},"content":{"rendered":"","protected":false},"excerpt":{"rendered":"","protected":false},"author":2,"featured_media":0,"parent":5537,"menu_order":0,"comment_status":"closed","ping_status":"closed","template":"page-templates\/page-single-products.php","meta":{"footnotes":""},"class_list":["post-5721","page","type-page","status-publish","hentry"],"language":"fr","acf":[],"_links":{"self":[{"href":"https:\/\/fuelcleaning.globecore.com\/fr\/wp-json\/wp\/v2\/pages\/5721","targetHints":{"allow":["GET"]}}],"collection":[{"href":"https:\/\/fuelcleaning.globecore.com\/fr\/wp-json\/wp\/v2\/pages"}],"about":[{"href":"https:\/\/fuelcleaning.globecore.com\/fr\/wp-json\/wp\/v2\/types\/page"}],"author":[{"embeddable":true,"href":"https:\/\/fuelcleaning.globecore.com\/fr\/wp-json\/wp\/v2\/users\/2"}],"replies":[{"embeddable":true,"href":"https:\/\/fuelcleaning.globecore.com\/fr\/wp-json\/wp\/v2\/comments?post=5721"}],"version-history":[{"count":0,"href":"https:\/\/fuelcleaning.globecore.com\/fr\/wp-json\/wp\/v2\/pages\/5721\/revisions"}],"up":[{"embeddable":true,"href":"https:\/\/fuelcleaning.globecore.com\/fr\/wp-json\/wp\/v2\/pages\/5537"}],"wp:attachment":[{"href":"https:\/\/fuelcleaning.globecore.com\/fr\/wp-json\/wp\/v2\/media?parent=5721"}],"curies":[{"name":"wp","href":"https:\/\/api.w.org\/{rel}","templated":true}]}}