{"id":5733,"date":"2014-12-12T11:24:46","date_gmt":"2014-12-12T08:24:46","guid":{"rendered":"https:\/\/fuelcleaning.globecore.com\/oil-regeneration-lab-system.html\/"},"modified":"2020-01-29T10:07:54","modified_gmt":"2020-01-29T07:07:54","slug":"oil-regeneration-lab-system","status":"publish","type":"page","link":"https:\/\/fuelcleaning.globecore.com\/fr\/products\/laboratory-equipment\/oil-regeneration-lab-system\/","title":{"rendered":"Syst\u00e8me de laboratoire de r\u00e9g\u00e9n\u00e9ration d&rsquo;huile"},"content":{"rendered":"<div id=\"pl-5733\" class=\"panel-layout\">\n<div id=\"pg-5733-0\" class=\"panel-grid panel-no-style\">\n<div id=\"pgc-5733-0-0\" class=\"panel-grid-cell\">\n<div id=\"panel-5733-0-0-0\" class=\"so-panel widget widget_sow-editor panel-first-child panel-last-child\">\n<div class=\"so-widget-sow-editor so-widget-sow-editor-base\">\n<div class=\"siteorigin-widget-tinymce textwidget\">\n<p><img loading=\"lazy\" decoding=\"async\" class=\"aligncenter size-medium wp-image-2831\" src=\"http:\/\/fuelcleaning.globecore.com\/wp-content\/uploads\/sites\/2\/2014\/12\/\u0423\u0412\u0420-\u041b\u0430\u0431-404x600.jpg\" alt=\"\u0423\u0412\u0420-\u041b\u0430\u0431\" width=\"404\" height=\"600\" \/><\/p>\n<\/div>\n<\/div>\n<\/div>\n<\/div>\n<div id=\"pgc-5733-0-1\" class=\"panel-grid-cell\">\n<div id=\"panel-5733-0-1-0\" class=\"so-panel widget widget_sow-editor panel-first-child panel-last-child\">\n<div class=\"so-widget-sow-editor so-widget-sow-editor-base\">\n<div class=\"siteorigin-widget-tinymce textwidget\">\n<p style=\"text-align: justify\">L&rsquo;unit\u00e9 UVR de laboratoire a \u00e9t\u00e9 con\u00e7ue pour <strong>r\u00e9g\u00e9n\u00e9rer l&rsquo;huile us\u00e9e<\/strong> avec une viscosit\u00e9 inf\u00e9rieure \u00e0 70 cSt \u00e0 50 \u00b0 C. L&rsquo;unit\u00e9 diminue \u00e9galement l&rsquo;acidit\u00e9 du p\u00e9trole ainsi que la perte di\u00e9lectrique tangente aux normes pour le p\u00e9trole op\u00e9rationnel. L&rsquo;UVR est une unit\u00e9 polyvalente, con\u00e7ue pour purifier, \u00e9claircir, r\u00e9g\u00e9n\u00e9rer et \u00e9liminer les <strong>aromatiques de tout produit p\u00e9trochimique<\/strong>. L&rsquo;unit\u00e9 peut \u00eatre exploit\u00e9e par n&rsquo;importe quelle installation, ne n\u00e9cessite pas de placement sp\u00e9cial, est facilement transportable et fonctionne sans bruit.<\/p>\n<p style=\"text-align: justify\">L&rsquo;unit\u00e9 UVR de laboratoire vous aidera \u00e0 fournir des<strong> tests avec tout type de produit p\u00e9trochimique<\/strong> pour v\u00e9rifier la possibilit\u00e9 de le nettoyer.<\/p>\n<p style=\"text-align: justify\">Les types d&rsquo;huile min\u00e9rale pouvant \u00eatre r\u00e9g\u00e9n\u00e9r\u00e9e sont les suivants:<br \/>\n&#8211; huile industrielle;\u00a0 \u00a0 \u00a0 \u00a0 \u00a0 \u00a0 &#8211; huile de transformateur;<br \/>\n&#8211; huile de turbine;\u00a0 \u00a0 \u00a0 \u00a0 \u00a0 \u00a0 \u00a0&#8211; diesel;<br \/>\n&#8211; l&rsquo;huile de chauffage;\u00a0 \u00a0 \u00a0 &#8211; huile hydraulique;<br \/>\n&#8211; huile sous vide;\u00a0 \u00a0 \u00a0 \u00a0 \u00a0 \u00a0 \u00a0&#8211; huile de transmission;<br \/>\n&#8211; condensat de gaz;\u00a0 \u00a0 \u00a0 \u00a0 &#8211; k\u00e9ros\u00e8ne;<br \/>\n&#8211; et d&rsquo;autres<\/p>\n<\/div>\n<\/div>\n<\/div>\n<\/div>\n<\/div>\n<div id=\"pg-5733-1\" class=\"panel-grid panel-no-style\">\n<div id=\"pgc-5733-1-0\" class=\"panel-grid-cell\">\n<div id=\"panel-5733-1-0-0\" class=\"so-panel widget widget_sow-editor panel-first-child\">\n<div class=\"so-widget-sow-editor so-widget-sow-editor-base\">\n<div class=\"siteorigin-widget-tinymce textwidget\">\n\n<p style=\"text-align: justify\">CONCEPTION<br \/>\nL&rsquo;unit\u00e9 se compose de:<br \/>\n&#8211; gousse de r\u00e9g\u00e9n\u00e9ration;<br \/>\n&#8211; Cadre;<br \/>\n&#8211; chambre \u00e0 vide;<br \/>\n&#8211; pompe \u00e0 vide;<br \/>\n&#8211; tuyauterie;<\/p>\n<p>La gousse de r\u00e9g\u00e9n\u00e9ration est un r\u00e9cipient \u00e0 moiti\u00e9 rempli de sorbant qui r\u00e9g\u00e9n\u00e8re l&rsquo;huile percolante. Le sorbant et l&rsquo;huile sont plac\u00e9s dans la gousse par le haut.<br \/>\nLe fond de la gousse a un couvercle, \u00e0 travers lequel la gousse est aspir\u00e9e, le sorbant satur\u00e9 est extrait et l&rsquo;huile r\u00e9g\u00e9n\u00e9r\u00e9e est pomp\u00e9e.<br \/>\nLa surface externe de la capsule est envelopp\u00e9e d&rsquo;un ruban chauffant \u00e9lectrique et isol\u00e9e.<\/p>\n<p>Le cadre &#8211; c&rsquo;est une structure m\u00e9tallique supportant tous les composants de l&rsquo;unit\u00e9.<br \/>\nLa chambre \u00e0 vide &#8211; est un r\u00e9cipient rectangulaire rempli d&rsquo;huile r\u00e9g\u00e9n\u00e9r\u00e9e. La partie sup\u00e9rieure du r\u00e9cipient est \u00e9quip\u00e9e d&rsquo;un robinet \u00e0 boisseau sph\u00e9rique pour connecter la chambre \u00e0 la pompe \u00e0 vide. Le fond du r\u00e9cipient est \u00e9quip\u00e9 d&rsquo;une vanne \u00e0 bille, \u00e0 travers laquelle l&rsquo;huile est aspir\u00e9e dans le r\u00e9cipient \u00e0 vide, et d&rsquo;une vanne pour vidanger l&rsquo;huile. Le navire est \u00e9galement \u00e9quip\u00e9 d&rsquo;un indicateur visuel de niveau de liquide et d&rsquo;une jauge \u00e0 vide.<br \/>\nLa pompe \u00e0 vide cr\u00e9e du vide dans la chambre \u00e0 vide.<\/p>\n<p><strong>Sp\u00e9cifications techniques<\/strong><\/p>\n<p>Les principaux param\u00e8tres de l&rsquo;unit\u00e9 sont indiqu\u00e9s dans le tableau 1.<\/p>\n<table width=\"588\">\n<tbody>\n<tr>\n<td width=\"43\"><span style=\"font-size: 16px\">\u2116<\/span><\/td>\n<td width=\"437\"><span style=\"font-size: 16px\">Nom du param\u00e8tre<\/span><\/td>\n<td width=\"108\"><span style=\"font-size: 16px\">Valeur<\/span><\/td>\n<\/tr>\n<tr>\n<td width=\"43\"><span style=\"font-size: 16px\">1<\/span><\/td>\n<td width=\"437\"><span style=\"font-size: 16px\">Productivit\u00e9 de r\u00e9g\u00e9n\u00e9ration, l \/ h:<\/span><\/p>\n<p><span style=\"font-size: 16px\">&#8211; huile de transformateur<\/span><\/p>\n<p><span style=\"font-size: 16px\">&#8211; huile industrielle *<\/span><\/p>\n<\/td>\n<td width=\"108\"><span style=\"font-size: 16px\">3-5*<\/span><\/p>\n<p><span style=\"font-size: 16px\">2-4*<\/span><\/p>\n<\/td>\n<\/tr>\n<tr>\n<td width=\"43\"><span style=\"font-size: 16px\"><span style=\"font-size: 16px\">\u00a02<\/span><\/span>&nbsp;<\/td>\n<td width=\"437\"><span style=\"font-size: 16px\">\u00a0<\/span><span style=\"font-size: 16px\">R\u00e9g\u00e9n\u00e9ration de la consommation de poudre en% du poids de l&rsquo;huile de nettoyage<\/span><\/p>\n<p><span style=\"font-size: 16px\">&#8211; huile de transformateur<\/span><\/p>\n<p><span style=\"font-size: 16px\">&#8211; huile industrielle *<\/span><\/p>\n<\/td>\n<td width=\"108\"><span style=\"font-size: 16px\">3-10*<\/span><\/p>\n<p><span style=\"font-size: 16px\">3-10*<\/span><\/p>\n<\/td>\n<\/tr>\n<tr>\n<td width=\"43\"><span style=\"font-size: 16px\">3<\/span><\/td>\n<td width=\"437\"><span style=\"font-size: 16px\">Le poids de la poudre r\u00e9g\u00e9n\u00e9rante pour le remplissage, kg<\/span><\/td>\n<td width=\"108\"><span style=\"font-size: 16px\">3<\/span><\/td>\n<\/tr>\n<tr>\n<td width=\"43\"><span style=\"font-size: 16px\">4<\/span><\/td>\n<td width=\"437\"><span style=\"font-size: 16px\">Perte (produit p\u00e9trolier) en% par rapport au volume initial (que reste dans un sorbant)<\/span><\/p>\n<p><span style=\"font-size: 16px\">&#8211; huile de transformateur<\/span><\/p>\n<p><span style=\"font-size: 16px\">&#8211; huile industrielle<\/span><\/p>\n<\/td>\n<td width=\"108\"><span style=\"font-size: 16px\">1-5<\/span><\/p>\n<p><span style=\"font-size: 16px\">1-5<\/span><\/p>\n<\/td>\n<\/tr>\n<tr>\n<td width=\"43\"><span style=\"font-size: 16px\">5<\/span><\/td>\n<td width=\"437\"><span style=\"font-size: 16px\">Puissance totale des radiateurs, kW<\/span><\/td>\n<td width=\"108\"><span style=\"font-size: 16px\">0,16<\/span><\/td>\n<\/tr>\n<tr>\n<td width=\"43\"><span style=\"font-size: 16px\">6<\/span><\/td>\n<td width=\"437\"><span style=\"font-size: 16px\">Puissance<\/span><\/td>\n<td width=\"108\"><span style=\"font-size: 16px\">1,0<\/span><\/td>\n<\/tr>\n<tr>\n<td width=\"43\"><span style=\"font-size: 16px\">7<\/span><\/td>\n<td width=\"437\"><span style=\"font-size: 16px\">Tension du courant alternatif monophas\u00e9 avec une fr\u00e9quence de 50 (60) Hz, V<\/span><\/td>\n<td width=\"108\"><span style=\"font-size: 16px\">220<\/span><\/td>\n<\/tr>\n<tr>\n<td width=\"43\"><span style=\"font-size: 16px\">9<\/span><\/td>\n<td width=\"437\">Dimensions hors tout, mm pas plus<\/p>\n<p>&#8211; longueur<\/p>\n<p>&#8211; largeur<\/p>\n<p>&#8211; la taille<\/p>\n<\/td>\n<td width=\"108\"><span style=\"font-size: 16px\">500<\/span><\/p>\n<p><span style=\"font-size: 16px\">550<\/span><\/p>\n<p><span style=\"font-size: 16px\">750<\/span><\/p>\n<\/td>\n<\/tr>\n<tr>\n<td width=\"43\"><span style=\"font-size: 16px\">10<\/span><\/td>\n<td width=\"437\"><span style=\"font-size: 16px\">Poids, kg pas plus<\/span><\/td>\n<td width=\"108\"><span style=\"font-size: 16px\">50<\/span><\/td>\n<\/tr>\n<\/tbody>\n<\/table>\n<\/div>\n<\/div>\n<\/div>\n<div id=\"panel-5733-1-0-1\" class=\"so-panel widget widget_sow-editor panel-last-child\">\n<div class=\"so-widget-sow-editor so-widget-sow-editor-base\">\n<div class=\"siteorigin-widget-tinymce textwidget\">\n\n<!-- iframe plugin v.6.0 wordpress.org\/plugins\/iframe\/ -->\n<iframe loading=\"lazy\" src=\"https:\/\/www.youtube.com\/embed\/LX4aUIAXCQg\" frameborder=\" frameborder=\" width=\"100%\" height=\"300\" scrolling=\"yes\" class=\"iframe-class\"><\/iframe>\n\n<h3>Le laboratoire UVR est toujours en stock ou disponible \u00e0 tr\u00e8s court terme.<br \/>\nLivraison express vers n&rsquo;importe quelle destination.<\/h3>\n<h4>Pour commander l&rsquo;unit\u00e9, appelez le<br \/>\n+493021788825<br \/>\nou envoyez une demande \u00e0 energie@globecore.de, clotaire@globecore.com<\/h4>\n<\/div>\n<\/div>\n<\/div>\n<\/div>\n<\/div>\n<\/div>\n","protected":false},"excerpt":{"rendered":"<p>L&rsquo;unit\u00e9 UVR de laboratoire a \u00e9t\u00e9 con\u00e7ue pour r\u00e9g\u00e9n\u00e9rer l&rsquo;huile us\u00e9e avec une viscosit\u00e9 inf\u00e9rieure \u00e0 70 cSt \u00e0 50 \u00b0 C. L&rsquo;unit\u00e9 diminue \u00e9galement l&rsquo;acidit\u00e9 du p\u00e9trole ainsi que la perte di\u00e9lectrique tangente aux normes pour le p\u00e9trole op\u00e9rationnel. L&rsquo;UVR est une unit\u00e9 polyvalente, con\u00e7ue pour purifier, \u00e9claircir, r\u00e9g\u00e9n\u00e9rer et \u00e9liminer les aromatiques de<a class=\"cg-read-more\" href=\"https:\/\/fuelcleaning.globecore.com\/fr\/products\/laboratory-equipment\/oil-regeneration-lab-system\/\" target=\"_blank\">Read More <\/a><\/p>\n","protected":false},"author":2,"featured_media":0,"parent":5927,"menu_order":0,"comment_status":"closed","ping_status":"closed","template":"page-templates\/page-single-products.php","meta":{"footnotes":""},"class_list":["post-5733","page","type-page","status-publish","hentry"],"acf":[],"language":"fr","_links":{"self":[{"href":"https:\/\/fuelcleaning.globecore.com\/fr\/wp-json\/wp\/v2\/pages\/5733","targetHints":{"allow":["GET"]}}],"collection":[{"href":"https:\/\/fuelcleaning.globecore.com\/fr\/wp-json\/wp\/v2\/pages"}],"about":[{"href":"https:\/\/fuelcleaning.globecore.com\/fr\/wp-json\/wp\/v2\/types\/page"}],"author":[{"embeddable":true,"href":"https:\/\/fuelcleaning.globecore.com\/fr\/wp-json\/wp\/v2\/users\/2"}],"replies":[{"embeddable":true,"href":"https:\/\/fuelcleaning.globecore.com\/fr\/wp-json\/wp\/v2\/comments?post=5733"}],"version-history":[{"count":0,"href":"https:\/\/fuelcleaning.globecore.com\/fr\/wp-json\/wp\/v2\/pages\/5733\/revisions"}],"up":[{"embeddable":true,"href":"https:\/\/fuelcleaning.globecore.com\/fr\/wp-json\/wp\/v2\/pages\/5927"}],"wp:attachment":[{"href":"https:\/\/fuelcleaning.globecore.com\/fr\/wp-json\/wp\/v2\/media?parent=5733"}],"curies":[{"name":"wp","href":"https:\/\/api.w.org\/{rel}","templated":true}]}}