{"id":5846,"date":"2016-09-14T12:40:29","date_gmt":"2016-09-14T09:40:29","guid":{"rendered":"https:\/\/fuelcleaning.globecore.com\/products\/cmm-r-transformer-oil-regeneration-plant.html\/"},"modified":"2020-01-15T10:10:20","modified_gmt":"2020-01-15T07:10:20","slug":"cmm-r-transformer-oil-regeneration-plant","status":"publish","type":"page","link":"https:\/\/fuelcleaning.globecore.com\/fr\/products\/cmm-r-transformer-oil-regeneration-plant\/","title":{"rendered":"Unit\u00e9 de r\u00e9g\u00e9n\u00e9ration d&rsquo;huile de transformateur CMM-R"},"content":{"rendered":"<p>Les unit\u00e9s de r\u00e9g\u00e9n\u00e9ration GlobeCore offrent d\u00e9sormais deux (2) fonctions r\u00e9volutionnaires: (1) traitement d&rsquo;huile de transformateur sous tension; et (2) la r\u00e9activation automatique du sorbant. Le processus GlobeCore est ex\u00e9cut\u00e9 en continu sur la plupart des transformateurs sous tension sans qu\u2019il soit n\u00e9cessaire d\u2019enlever, de remplacer et d\u2019\u00e9liminer le mat\u00e9riau sorbant contamin\u00e9 Fuller\u2019s Earth. Aucun d\u00e9chet dangereux et un seul \u00e9quipage n&rsquo;entra\u00eenent des co\u00fbts r\u00e9duits et des op\u00e9rations efficaces. Les syst\u00e8mes CMM-R sont con\u00e7us pour prolonger la dur\u00e9e de vie du transformateur en r\u00e9tablissant la rigidit\u00e9 di\u00e9lectrique et la composition chimique de l&rsquo;huile d&rsquo;isolation \u00e9lectrique. Dans le processus de r\u00e9g\u00e9n\u00e9ration de l&rsquo;huile, les produits de d\u00e9gradation de l&rsquo;huile et les compos\u00e9s acides sont \u00e9limin\u00e9s, l&rsquo;huile est clarifi\u00e9e, sa stabilit\u00e9 \u00e0 l&rsquo;oxydation est am\u00e9lior\u00e9e, tandis que la solubilit\u00e9 du gaz est r\u00e9duite.<\/p>\n","protected":false},"excerpt":{"rendered":"<p>Les unit\u00e9s de r\u00e9g\u00e9n\u00e9ration GlobeCore offrent d\u00e9sormais deux (2) fonctions r\u00e9volutionnaires: (1) traitement d&rsquo;huile de transformateur sous tension; et (2) la r\u00e9activation automatique du sorbant. Le processus GlobeCore est ex\u00e9cut\u00e9 en continu sur la plupart des transformateurs sous tension sans qu\u2019il soit n\u00e9cessaire d\u2019enlever, de remplacer et d\u2019\u00e9liminer le mat\u00e9riau sorbant contamin\u00e9 Fuller\u2019s Earth. Aucun<a class=\"cg-read-more\" href=\"https:\/\/fuelcleaning.globecore.com\/fr\/products\/cmm-r-transformer-oil-regeneration-plant\/\" target=\"_blank\">Read More <\/a><\/p>\n","protected":false},"author":2,"featured_media":5710,"parent":5537,"menu_order":0,"comment_status":"closed","ping_status":"closed","template":"","meta":{"footnotes":""},"class_list":["post-5846","page","type-page","status-publish","has-post-thumbnail","hentry"],"language":"fr","acf":[],"_links":{"self":[{"href":"https:\/\/fuelcleaning.globecore.com\/fr\/wp-json\/wp\/v2\/pages\/5846","targetHints":{"allow":["GET"]}}],"collection":[{"href":"https:\/\/fuelcleaning.globecore.com\/fr\/wp-json\/wp\/v2\/pages"}],"about":[{"href":"https:\/\/fuelcleaning.globecore.com\/fr\/wp-json\/wp\/v2\/types\/page"}],"author":[{"embeddable":true,"href":"https:\/\/fuelcleaning.globecore.com\/fr\/wp-json\/wp\/v2\/users\/2"}],"replies":[{"embeddable":true,"href":"https:\/\/fuelcleaning.globecore.com\/fr\/wp-json\/wp\/v2\/comments?post=5846"}],"version-history":[{"count":0,"href":"https:\/\/fuelcleaning.globecore.com\/fr\/wp-json\/wp\/v2\/pages\/5846\/revisions"}],"up":[{"embeddable":true,"href":"https:\/\/fuelcleaning.globecore.com\/fr\/wp-json\/wp\/v2\/pages\/5537"}],"wp:featuredmedia":[{"embeddable":true,"href":"https:\/\/fuelcleaning.globecore.com\/fr\/wp-json\/wp\/v2\/media\/5710"}],"wp:attachment":[{"href":"https:\/\/fuelcleaning.globecore.com\/fr\/wp-json\/wp\/v2\/media?parent=5846"}],"curies":[{"name":"wp","href":"https:\/\/api.w.org\/{rel}","templated":true}]}}