{"id":5911,"date":"2015-01-06T15:45:02","date_gmt":"2015-01-06T12:45:02","guid":{"rendered":"https:\/\/fuelcleaning.globecore.com\/biodiesel-production-lab-system"},"modified":"2020-01-29T10:24:47","modified_gmt":"2020-01-29T07:24:47","slug":"biodiesel-production-lab-system","status":"publish","type":"page","link":"https:\/\/fuelcleaning.globecore.com\/fr\/products\/laboratory-equipment\/biodiesel-production-lab-system\/","title":{"rendered":"syst\u00e8me de laboratoire d&rsquo;\u00e9quipement de production de biodiesel"},"content":{"rendered":"<div id=\"pl-5911\" class=\"panel-layout\">\n<div id=\"pg-5911-0\" class=\"panel-grid panel-no-style\">\n<div id=\"pgc-5911-0-0\" class=\"panel-grid-cell\">\n<div id=\"panel-5911-0-0-0\" class=\"so-panel widget widget_sow-editor panel-first-child panel-last-child\">\n<div class=\"so-widget-sow-editor so-widget-sow-editor-base\">\n<div class=\"siteorigin-widget-tinymce textwidget\">\n<p><img loading=\"lazy\" decoding=\"async\" class=\"alignnone wp-image-2827 size-medium\" src=\"http:\/\/fuelcleaning.globecore.com\/wp-content\/uploads\/sites\/2\/2014\/12\/\u0423\u0411\u0414\u041b-\u21164-419x600.jpg\" alt=\"Biodiesel production equipment\" width=\"419\" height=\"600\" \/><\/p>\n<\/div>\n<\/div>\n<\/div>\n<\/div>\n<div id=\"pgc-5911-0-1\" class=\"panel-grid-cell\">\n<div id=\"panel-5911-0-1-0\" class=\"so-panel widget widget_sow-editor panel-first-child panel-last-child\">\n<div class=\"so-widget-sow-editor so-widget-sow-editor-base\">\n<div class=\"siteorigin-widget-tinymce textwidget\">\n<p style=\"text-align: justify\">Cette unit\u00e9 de laboratoire d&rsquo;\u00e9quipement de production de biodiesel \u00e0 petite \u00e9chelle a \u00e9t\u00e9 con\u00e7ue pour les recherches en laboratoire et la cr\u00e9ation de nouvelles recettes de biodiesel. L&rsquo;unit\u00e9 USB est destin\u00e9e \u00e0 la <strong>production d&rsquo;\u00e9ther m\u00e9thylique<\/strong> \u00e0 partir d&rsquo;huiles v\u00e9g\u00e9tales par transest\u00e9rification.<\/p>\n<p style=\"text-align: justify\">L&rsquo;\u00e9quipement de production de biodiesel est con\u00e7u pour la <strong>transest\u00e9rification d&rsquo;huile v\u00e9g\u00e9tale, de graisses animales<\/strong>, etc. par un m\u00e9lange de cavitation tr\u00e8s pr\u00e9cis et finement dispers\u00e9 avec un catalyseur et un polissage \u00e0 sec du biodiesel. Le produit est conforme aux normes EN 14214 et ASTM.<\/p>\n<p style=\"text-align: justify\">The unique technology allows to product FAME (biodiesel) without lengthy additional readjustment from any type of <strong>vegetable oil or animal fat.<\/strong><\/p>\n<p style=\"text-align: justify\">Tous les composants de fonctionnement de l&rsquo;usine sont<strong> antid\u00e9flagrants et fabriqu\u00e9s en acier inoxydable.<\/strong><\/p>\n<\/div>\n<\/div>\n<\/div>\n<\/div>\n<\/div>\n<div id=\"pg-5911-1\" class=\"panel-grid panel-no-style\">\n<div id=\"pgc-5911-1-0\" class=\"panel-grid-cell\">\n<div id=\"panel-5911-1-0-0\" class=\"so-panel widget widget_sow-editor panel-first-child\">\n<div class=\"so-widget-sow-editor so-widget-sow-editor-base\">\n<div class=\"siteorigin-widget-tinymce textwidget\">\n<h2 style=\"text-align: center\">Veuillez visiter notre nouveau site Web pour les unit\u00e9s de production de biodiesel<br \/>\n<strong>www.biodiesel.globecore.com<\/strong><\/h2>\n<p style=\"text-align: justify\">L&rsquo;unit\u00e9 peut \u00eatre utilis\u00e9e par les raffineries de p\u00e9trole, les usines de production de biodiesel et les entreprises de l&rsquo;industrie alimentaire.<\/p>\n<p style=\"text-align: center\">Donn\u00e9es techniques<\/p>\n<table width=\"673\">\n<tbody>\n<tr>\n<td width=\"40\">\u2116<\/td>\n<td width=\"403\">Nom du param\u00e8tre<\/td>\n<td width=\"230\">Valeur<\/td>\n<\/tr>\n<tr>\n<td width=\"40\">1<\/td>\n<td width=\"403\">Capacit\u00e9 unitaire de traitement des huiles us\u00e9es, m\u00b3 \/ h<\/td>\n<td width=\"230\">1<\/td>\n<\/tr>\n<tr>\n<td width=\"40\">2<\/td>\n<td width=\"403\">Consommation de m\u00e9thanol, m\u00b3 \/ h<\/td>\n<td width=\"230\">0,06\u20260,25<\/td>\n<\/tr>\n<tr>\n<td width=\"40\">3<\/td>\n<td width=\"403\">Tankage pour le p\u00e9trole, dm\u00b3<\/td>\n<td width=\"230\">48<\/td>\n<\/tr>\n<tr>\n<td width=\"40\">4<\/td>\n<td width=\"403\">R\u00e9servoir de m\u00e9thanol,\u00a0dm\u00b3<\/td>\n<td width=\"230\">6<\/td>\n<\/tr>\n<tr>\n<td width=\"40\">5<\/td>\n<td width=\"403\">R\u00e9servoir pour produit final,\u00a0dm\u00b3<\/td>\n<td width=\"230\">30<\/td>\n<\/tr>\n<tr>\n<td width=\"40\">5<\/td>\n<td width=\"403\">Temp\u00e9rature de chauffage et d&rsquo;entretien du fioul, \u00b0C<\/td>\n<td width=\"230\">40\u202680<\/td>\n<\/tr>\n<tr>\n<td width=\"40\">6<\/td>\n<td width=\"403\">La m\u00e9thode de chauffage du fluide de travail dans le syst\u00e8me de r\u00e9servoir et de pipeline<\/td>\n<td width=\"230\">thermoelectric heater and\u00a0heat tape<\/td>\n<\/tr>\n<tr>\n<td width=\"40\">7<\/td>\n<td width=\"403\">La consommation totale d&rsquo;\u00e9nergie, kW, pas plus<\/td>\n<td width=\"230\">4,5<\/td>\n<\/tr>\n<tr>\n<td width=\"40\">8<\/td>\n<td width=\"403\">Tension d&rsquo;alimentation<\/td>\n<td width=\"230\">50 Hz<\/td>\n<\/tr>\n<tr>\n<td width=\"40\">9<\/td>\n<td width=\"403\">Dimensions hors tout, mm pas plus<\/p>\n<p>&#8211; longueur<br \/>\n&#8211; largeur<br \/>\n&#8211; la taille<\/p>\n<\/td>\n<td width=\"230\">1210<br \/>\n870<br \/>\n1430<\/td>\n<\/tr>\n<\/tbody>\n<\/table>\n<p style=\"text-align: center\">Conception de l&rsquo;unit\u00e9<\/p>\n<p style=\"text-align: justify\"><img loading=\"lazy\" decoding=\"async\" class=\" wp-image-2078 alignleft\" src=\"http:\/\/fuelcleaning.globecore.com\/wp-content\/uploads\/sites\/2\/2015\/01\/USB-Lab-281x300.jpg\" alt=\"USB-Lab\" width=\"293\" height=\"313\" \/> 1 &#8211; ch\u00e2ssis, 2 &#8211; r\u00e9servoir d&rsquo;huile avec les r\u00e9chauffeurs, 3 &#8211; r\u00e9servoir de m\u00e9thanol, 4 &#8211; r\u00e9servoir de produit final, 5 &#8211; panneau de commande, 6 &#8211; d\u00e9bitm\u00e8tre d&rsquo;huile, 7 &#8211; d\u00e9bitm\u00e8tre de m\u00e9thanol, 8 &#8211; vanne de r\u00e9gulation pour l&rsquo;huile, 9 &#8211; vanne de r\u00e9gulation pour le m\u00e9thanol, 10 &#8211; m\u00e9langeur hydrodinamique, 11 &#8211; pompe \u00e0 huile, 12 &#8211; pompe \u00e0 m\u00e9thanol, 13 &#8211; syst\u00e8me de canalisation, 14 &#8211; collecteur d&rsquo;\u00e9chappement, 15-16 &#8211; manom\u00e8tre pour l&rsquo;huile et le m\u00e9thanol, 17 &#8211; mano-vacuom\u00e8tre, 18 &#8211; mobile pi\u00e9destal<\/p>\n<p style=\"text-align: justify\">Mode de fonctionnement<\/p>\n<p style=\"text-align: justify\">Le mode de fonctionnement consiste \u00e0 pr\u00e9parer les composants et \u00e0 cr\u00e9er les conditions requises pour la r\u00e9action de transest\u00e9rification. Les citernes sont remplies de m\u00e9thanol et d&rsquo;agent catalytique. Apr\u00e8s cela, les param\u00e8tres requis de temp\u00e9rature d&rsquo;huile et de chauffage de la pompe \u00e0 huile sont d\u00e9finis; le chauffage et la pompe \u00e0 huile se mettent en marche.<\/p>\n<\/div>\n<\/div>\n<\/div>\n<div id=\"panel-5911-1-0-1\" class=\"so-panel widget widget_sow-editor panel-last-child\">\n<div class=\"so-widget-sow-editor so-widget-sow-editor-base\">\n<div class=\"siteorigin-widget-tinymce textwidget\">\n\t\n<!-- iframe plugin v.6.0 wordpress.org\/plugins\/iframe\/ -->\n<iframe loading=\"lazy\" src=\"https:\/\/www.youtube.com\/embed\/EcbT__WvBbg\" frameborder=\" frameborder=\" width=\"100%\" height=\"300\" scrolling=\"yes\" class=\"iframe-class\"><\/iframe>\n<\/div>\n<\/div>\n<\/div>\n<\/div>\n<\/div>\n<div id=\"pg-5911-2\" class=\"panel-grid panel-no-style\">\n<div id=\"pgc-5911-2-0\" class=\"panel-grid-cell panel-grid-cell-empty\"><\/div>\n<\/div>\n<\/div>\n","protected":false},"excerpt":{"rendered":"<p>Cette unit\u00e9 de laboratoire d&rsquo;\u00e9quipement de production de biodiesel \u00e0 petite \u00e9chelle a \u00e9t\u00e9 con\u00e7ue pour les recherches en laboratoire et la cr\u00e9ation de nouvelles recettes de biodiesel. L&rsquo;unit\u00e9 USB est destin\u00e9e \u00e0 la production d&rsquo;\u00e9ther m\u00e9thylique \u00e0 partir d&rsquo;huiles v\u00e9g\u00e9tales par transest\u00e9rification. L&rsquo;\u00e9quipement de production de biodiesel est con\u00e7u pour la transest\u00e9rification d&rsquo;huile v\u00e9g\u00e9tale,<a class=\"cg-read-more\" href=\"https:\/\/fuelcleaning.globecore.com\/fr\/products\/laboratory-equipment\/biodiesel-production-lab-system\/\" target=\"_blank\">Read More <\/a><\/p>\n","protected":false},"author":2,"featured_media":0,"parent":5927,"menu_order":0,"comment_status":"closed","ping_status":"closed","template":"","meta":{"footnotes":""},"class_list":["post-5911","page","type-page","status-publish","hentry"],"acf":[],"language":"fr","_links":{"self":[{"href":"https:\/\/fuelcleaning.globecore.com\/fr\/wp-json\/wp\/v2\/pages\/5911","targetHints":{"allow":["GET"]}}],"collection":[{"href":"https:\/\/fuelcleaning.globecore.com\/fr\/wp-json\/wp\/v2\/pages"}],"about":[{"href":"https:\/\/fuelcleaning.globecore.com\/fr\/wp-json\/wp\/v2\/types\/page"}],"author":[{"embeddable":true,"href":"https:\/\/fuelcleaning.globecore.com\/fr\/wp-json\/wp\/v2\/users\/2"}],"replies":[{"embeddable":true,"href":"https:\/\/fuelcleaning.globecore.com\/fr\/wp-json\/wp\/v2\/comments?post=5911"}],"version-history":[{"count":0,"href":"https:\/\/fuelcleaning.globecore.com\/fr\/wp-json\/wp\/v2\/pages\/5911\/revisions"}],"up":[{"embeddable":true,"href":"https:\/\/fuelcleaning.globecore.com\/fr\/wp-json\/wp\/v2\/pages\/5927"}],"wp:attachment":[{"href":"https:\/\/fuelcleaning.globecore.com\/fr\/wp-json\/wp\/v2\/media?parent=5911"}],"curies":[{"name":"wp","href":"https:\/\/api.w.org\/{rel}","templated":true}]}}