{"id":5922,"date":"2016-05-19T17:50:36","date_gmt":"2016-05-19T14:50:36","guid":{"rendered":"https:\/\/fuelcleaning.globecore.com\/bitumen-emulsion-lab-system"},"modified":"2020-01-29T10:45:36","modified_gmt":"2020-01-29T07:45:36","slug":"bitumen-emulsion-lab-system","status":"publish","type":"page","link":"https:\/\/fuelcleaning.globecore.com\/fr\/products\/laboratory-equipment\/bitumen-emulsion-lab-system\/","title":{"rendered":"Syst\u00e8me de laboratoire d&rsquo;\u00e9mulsion de bitume"},"content":{"rendered":"<div id=\"pl-5922\" class=\"panel-layout\">\n<div id=\"pg-5922-0\" class=\"panel-grid panel-no-style\">\n<div id=\"pgc-5922-0-0\" class=\"panel-grid-cell\">\n<div id=\"panel-5922-0-0-0\" class=\"so-panel widget widget_sow-editor panel-first-child\">\n<div class=\"so-widget-sow-editor so-widget-sow-editor-base\">\n<div class=\"siteorigin-widget-tinymce textwidget\">\n<p><img loading=\"lazy\" decoding=\"async\" class=\"aligncenter size-thumbnail wp-image-2829\" src=\"http:\/\/fuelcleaning.globecore.com\/wp-content\/uploads\/sites\/2\/2014\/12\/\u0423\u0412\u0411-1\u041b-300x300.jpg\" alt=\"\u0423\u0412\u0411-1\u041b\" width=\"300\" height=\"300\" \/><\/p>\n<\/div>\n<\/div>\n<\/div>\n<div id=\"panel-5922-0-0-1\" class=\"so-panel widget widget_sow-editor panel-last-child\">\n<div class=\"so-widget-sow-editor so-widget-sow-editor-base\">\n<div class=\"siteorigin-widget-tinymce textwidget\">\n<p>Le syst\u00e8me de laboratoire d&rsquo;\u00e9mulsion de bitume est con\u00e7u pour:<br \/>\n<strong>&#8211; pr\u00e9paration d&rsquo;\u00e9chantillons de laboratoire d&rsquo;\u00e9mulsions de bitume;<\/strong><br \/>\n<strong>&#8211; essai et raffinage de la recette d&rsquo;\u00e9mulsion de bitume avec les composants<\/strong> d&rsquo;\u00e9mulsion donn\u00e9s et l&rsquo;application d&rsquo;\u00e9mulsion pr\u00e9vue.<\/p>\n<p>Cette unit\u00e9 peut \u00eatre fournie en plus de l&rsquo;unit\u00e9 de production d&rsquo;\u00e9mulsion de bitume UVB-1 ou en tant que produit autonome.<\/p>\n<\/div>\n<\/div>\n<\/div>\n<\/div>\n<\/div>\n<div id=\"pg-5922-1\" class=\"panel-grid panel-no-style\">\n<div id=\"pgc-5922-1-0\" class=\"panel-grid-cell panel-grid-cell-mobile-last\">\n<div id=\"panel-5922-1-0-0\" class=\"so-panel widget widget_sow-editor panel-first-child panel-last-child\">\n<div class=\"so-widget-sow-editor so-widget-sow-editor-base\">\n<div class=\"siteorigin-widget-tinymce textwidget\">\n<table>\n<tbody>\n<tr>\n<td width=\"234\"><strong>Specifications <\/strong><\/td>\n<td width=\"142\"><strong>Valeur<\/strong><\/td>\n<\/tr>\n<tr>\n<td width=\"234\">Capacit\u00e9 de production maximale, dm3 \/ heure<\/td>\n<td width=\"142\"><em>\u00a0<\/em>20<\/td>\n<\/tr>\n<tr>\n<td width=\"234\">Bitume \u00e0 pression du m\u00e9langeur, <em>MPa <\/em><\/td>\n<td width=\"142\">1.6<\/td>\n<\/tr>\n<tr>\n<td width=\"234\">Temp\u00e9rature du bitume, <em>\u00b0C <\/em><\/td>\n<td width=\"142\">140\u2013160<\/td>\n<\/tr>\n<tr>\n<td width=\"234\">Temp\u00e9rature de la phase aqueuse, <em>\u00b0C <\/em><\/td>\n<td width=\"142\">40\u201360<\/td>\n<\/tr>\n<tr>\n<td width=\"234\">Consommation maximale, <em>kW <\/em><\/td>\n<td width=\"142\">6<\/td>\n<\/tr>\n<tr>\n<td width=\"234\">Tension d&rsquo;alimentation, <em>V <\/em><\/td>\n<td width=\"142\">380\/220<\/td>\n<\/tr>\n<tr>\n<td width=\"234\">Dimensions (L\/W\/H), mm<\/td>\n<td width=\"142\">1500\/700\/1350<\/td>\n<\/tr>\n<tr>\n<td width=\"234\">poids maximum, kg<\/td>\n<td width=\"142\">200<\/td>\n<\/tr>\n<\/tbody>\n<\/table>\n<\/div>\n<\/div>\n<\/div>\n<\/div>\n<div id=\"pgc-5922-1-1\" class=\"panel-grid-cell panel-grid-cell-empty\"><\/div>\n<\/div>\n<\/div>\n","protected":false},"excerpt":{"rendered":"<p>Le syst\u00e8me de laboratoire d&rsquo;\u00e9mulsion de bitume est con\u00e7u pour: &#8211; pr\u00e9paration d&rsquo;\u00e9chantillons de laboratoire d&rsquo;\u00e9mulsions de bitume; &#8211; essai et raffinage de la recette d&rsquo;\u00e9mulsion de bitume avec les composants d&rsquo;\u00e9mulsion donn\u00e9s et l&rsquo;application d&rsquo;\u00e9mulsion pr\u00e9vue. Cette unit\u00e9 peut \u00eatre fournie en plus de l&rsquo;unit\u00e9 de production d&rsquo;\u00e9mulsion de bitume UVB-1 ou en tant<a class=\"cg-read-more\" href=\"https:\/\/fuelcleaning.globecore.com\/fr\/products\/laboratory-equipment\/bitumen-emulsion-lab-system\/\" target=\"_blank\">Read More <\/a><\/p>\n","protected":false},"author":2,"featured_media":0,"parent":5927,"menu_order":4,"comment_status":"closed","ping_status":"closed","template":"","meta":{"footnotes":""},"class_list":["post-5922","page","type-page","status-publish","hentry"],"acf":[],"language":"fr","_links":{"self":[{"href":"https:\/\/fuelcleaning.globecore.com\/fr\/wp-json\/wp\/v2\/pages\/5922","targetHints":{"allow":["GET"]}}],"collection":[{"href":"https:\/\/fuelcleaning.globecore.com\/fr\/wp-json\/wp\/v2\/pages"}],"about":[{"href":"https:\/\/fuelcleaning.globecore.com\/fr\/wp-json\/wp\/v2\/types\/page"}],"author":[{"embeddable":true,"href":"https:\/\/fuelcleaning.globecore.com\/fr\/wp-json\/wp\/v2\/users\/2"}],"replies":[{"embeddable":true,"href":"https:\/\/fuelcleaning.globecore.com\/fr\/wp-json\/wp\/v2\/comments?post=5922"}],"version-history":[{"count":0,"href":"https:\/\/fuelcleaning.globecore.com\/fr\/wp-json\/wp\/v2\/pages\/5922\/revisions"}],"up":[{"embeddable":true,"href":"https:\/\/fuelcleaning.globecore.com\/fr\/wp-json\/wp\/v2\/pages\/5927"}],"wp:attachment":[{"href":"https:\/\/fuelcleaning.globecore.com\/fr\/wp-json\/wp\/v2\/media?parent=5922"}],"curies":[{"name":"wp","href":"https:\/\/api.w.org\/{rel}","templated":true}]}}