{"id":6110,"date":"2020-01-30T10:34:05","date_gmt":"2020-01-30T07:34:05","guid":{"rendered":"https:\/\/fuelcleaning.globecore.com\/products\/accessories"},"modified":"2020-02-06T10:30:55","modified_gmt":"2020-02-06T07:30:55","slug":"accessories","status":"publish","type":"page","link":"https:\/\/fuelcleaning.globecore.com\/fr\/products\/accessories\/","title":{"rendered":"ACCESSOIRES"},"content":{"rendered":"<table dir=\"ltr\" style=\"height: 7051px\" border=\"1\" width=\"673\" cellspacing=\"0\" cellpadding=\"0\">\n<colgroup>\n<col width=\"246\" \/>\n<col width=\"132\" \/>\n<col width=\"363\" \/>\n<col width=\"100\" \/><\/colgroup>\n<tbody>\n<tr>\n<td>\n<table width=\"752\">\n<tbody>\n<tr>\n<td style=\"text-align: center\" width=\"142\"><strong>D\u00e9signation<\/strong><\/td>\n<\/tr>\n<\/tbody>\n<\/table>\n<\/td>\n<td><strong>Sp\u00e9cifications<\/strong><\/td>\n<td>\n<table width=\"752\">\n<tbody>\n<tr>\n<td width=\"101\"><strong>Utilisation<\/strong>\u00a0<strong>dans les installations<\/strong><\/td>\n<\/tr>\n<\/tbody>\n<\/table>\n<\/td>\n<td><strong>Photo<\/strong><\/td>\n<\/tr>\n<tr>\n<td style=\"text-align: center\">capteur d&rsquo;humidit\u00e9 d&rsquo;huile\u00a0min\u00e9rale\u00a0 de transformateur<\/td>\n<td style=\"text-align: center\">0\u2026100 ppm<\/td>\n<td style=\"text-align: center\">CMM-R,<br \/>\nUVM,<br \/>\nCMM,<br \/>\nUVM 4\/7 FULL*<\/td>\n<td>\u00a0<img loading=\"lazy\" decoding=\"async\" class=\"alignnone size-full wp-image-10463\" src=\"https:\/\/globecore.com\/wp-content\/uploads\/2018\/04\/gc1.jpg\" alt=\"\" width=\"281\" height=\"138\" \/><\/td>\n<\/tr>\n<tr>\n<td style=\"text-align: center\">Capteur de particules solides d&rsquo;huile de transformateur<br \/>\nCS1320-A-0-0-0-1\/-000<\/td>\n<td style=\"text-align: center\">Indique la puret\u00e9 ISO 4406<\/td>\n<td style=\"text-align: center\">CMM-R,<br \/>\nCMM,<br \/>\nUVM,<br \/>\nCFU<\/td>\n<td>\u00a0<img loading=\"lazy\" decoding=\"async\" class=\"alignnone size-full wp-image-10464\" src=\"https:\/\/globecore.com\/wp-content\/uploads\/2018\/04\/gc2.jpg\" alt=\"\" width=\"229\" height=\"215\" \/><\/td>\n<\/tr>\n<tr>\n<td colspan=\"1\" rowspan=\"4\">\n<div style=\"text-align: center\">Compteur d&rsquo;huile m\u00e9canique \/ 3209,58<\/div>\n<\/td>\n<td style=\"text-align: center\">up to 1000 l\/h<\/td>\n<td style=\"text-align: center\">CMM-0,4, CMM-0,6,<br \/>\nCMM 0,7, CMM-1,<br \/>\nCFU-1<\/td>\n<td colspan=\"1\" rowspan=\"4\">\n<div>\u00a0<img loading=\"lazy\" decoding=\"async\" class=\"alignnone size-full wp-image-10465\" src=\"https:\/\/globecore.com\/wp-content\/uploads\/2018\/04\/gc3.jpg\" alt=\"\" width=\"263\" height=\"198\" \/><\/div>\n<\/td>\n<\/tr>\n<tr>\n<td style=\"text-align: center\">jusqu&rsquo;\u00e0 4000 l\/h<\/td>\n<td style=\"text-align: center\">UVM 4\/7 CMM-4,<br \/>\nCMM 2,2, CFU-2<\/td>\n<\/tr>\n<tr>\n<td style=\"text-align: center\">jusqu&rsquo;\u00e0 6000 l\/h<\/td>\n<td style=\"text-align: center\">UVM-6\/7, CMM-6<\/td>\n<\/tr>\n<tr>\n<td>jusqu&rsquo;\u00e0 15000 l\/h<\/td>\n<td style=\"text-align: center\">UVM-10\u0410, UVM-15\u0410<\/td>\n<\/tr>\n<tr>\n<td colspan=\"1\" rowspan=\"4\">\n<div style=\"text-align: center\">Compteur d&rsquo;huile num\u00e9rique avec capacit\u00e9 d&rsquo;affichage du d\u00e9bit actuel<\/div>\n<\/td>\n<td style=\"text-align: center\">jusqu&rsquo;\u00e0 1000 l\/h<\/td>\n<td style=\"text-align: center\">CMM-0,4, CMM-0,6,<br \/>\nCMM-0,7, CMM-1,<br \/>\nCFU-1<\/td>\n<td colspan=\"1\" rowspan=\"4\">\n<div>\u00a0<img loading=\"lazy\" decoding=\"async\" class=\"alignnone size-full wp-image-10466\" src=\"https:\/\/globecore.com\/wp-content\/uploads\/2018\/04\/gc4.jpg\" alt=\"\" width=\"214\" height=\"208\" \/><\/div>\n<\/td>\n<\/tr>\n<tr>\n<td style=\"text-align: center\">jusqu&rsquo;\u00e0 4000 l\/h<\/td>\n<td style=\"text-align: center\">UVM 4\/7, CMM-4,<br \/>\nCMM2,2, CFU-2,<br \/>\nUVM 4\/7 FULL*<\/td>\n<\/tr>\n<tr>\n<td style=\"text-align: center\">jusqu&rsquo;\u00e0 6000 l\/h<\/td>\n<td>UVM-6\/7, CMM-6<\/td>\n<\/tr>\n<tr>\n<td style=\"text-align: center\">jusqu&rsquo;\u00e0 15000 l\/h<\/td>\n<td>UVM-10\u0410, UVM-15\u0410<\/td>\n<\/tr>\n<tr>\n<td style=\"text-align: center\" colspan=\"1\" rowspan=\"3\">Indicateurs de flux visuels<\/td>\n<td style=\"text-align: center\">Dn25<\/td>\n<td style=\"text-align: center\">CMM-0,4, CMM-0,6,<br \/>\nCMM-0,7, CMM-1,<br \/>\nCMM2,2, CMM-4,<br \/>\nUVM 4\/7 FULL<\/td>\n<td colspan=\"1\" rowspan=\"3\">\n<div>\u00a0<img loading=\"lazy\" decoding=\"async\" class=\"alignnone size-full wp-image-10464\" src=\"https:\/\/globecore.com\/wp-content\/uploads\/2018\/04\/gc2.jpg\" alt=\"\" width=\"229\" height=\"215\" \/><\/div>\n<\/td>\n<\/tr>\n<tr>\n<td style=\"text-align: center\">Dn32<\/td>\n<td style=\"text-align: center\">UVM-4\/7,<br \/>\nUVM-6\/7, CMM-6<\/td>\n<\/tr>\n<tr>\n<td style=\"text-align: center\">Dn50<\/td>\n<td style=\"text-align: center\">UVM-10\u0410 ,<br \/>\nUVM-15\u0410<\/td>\n<\/tr>\n<tr>\n<td colspan=\"1\" rowspan=\"7\">\n<div style=\"text-align: center\">\u00c9l\u00e9ments filtrants<\/div>\n<\/td>\n<td style=\"text-align: center\">25 micron<\/td>\n<td colspan=\"1\" rowspan=\"6\">\n<div style=\"text-align: center\">CMM-\u0420,<br \/>\nCMM,<br \/>\nUVM,<br \/>\nCFU,<br \/>\nMCU,<br \/>\nCP-260<\/div>\n<\/td>\n<td colspan=\"1\" rowspan=\"7\">\n<div>\u00a0<img loading=\"lazy\" decoding=\"async\" class=\"alignnone size-full wp-image-10468\" src=\"https:\/\/globecore.com\/wp-content\/uploads\/2018\/04\/gc6.jpg\" alt=\"\" width=\"278\" height=\"211\" \/><\/div>\n<\/td>\n<\/tr>\n<tr>\n<td style=\"text-align: center\">5 micron<\/td>\n<\/tr>\n<tr>\n<td style=\"text-align: center\">3 micron<\/td>\n<\/tr>\n<tr>\n<td style=\"text-align: center\">1 micron<\/td>\n<\/tr>\n<tr>\n<td style=\"text-align: center\">0.5\/\/0.3<\/td>\n<\/tr>\n<tr>\n<td style=\"text-align: center\">activator<\/td>\n<\/tr>\n<tr>\n<td style=\"text-align: center\">5 micron<\/td>\n<td style=\"text-align: center\">CMM 0,4, 25,00<br \/>\nCMM 0,6 light<\/td>\n<\/tr>\n<tr>\n<td style=\"text-align: center\">Bo\u00eetiers de filtre \u00e0 grande capacit\u00e9 d&rsquo;impuret\u00e9s<\/td>\n<td style=\"text-align: center\"><\/td>\n<td style=\"text-align: center\">CFU -1,7, CFU \u2013 2,<br \/>\nCFU \u2013 4, CMM-0,6<\/td>\n<td><\/td>\n<\/tr>\n<tr>\n<td style=\"text-align: center\">Capteur de vide Pirany pour le d\u00e9gazage et l&rsquo;\u00e9quipement d&rsquo;\u00e9vacuation<br \/>\n-1\u2026 0 bar abs.<br \/>\nVD64P230 assembl\u00e9<br \/>\n(indicateur, contr\u00f4leur<br \/>\nVD6S2230)<\/td>\n<td style=\"text-align: center\">-1\u20260 bar. Abs.<\/td>\n<td style=\"text-align: center\">Unit\u00e9s d&rsquo;\u00e9vacuation UVM, BV<\/td>\n<td>\u00a0<img loading=\"lazy\" decoding=\"async\" class=\"alignnone size-full wp-image-10469\" src=\"https:\/\/globecore.com\/wp-content\/uploads\/2018\/04\/gc7.jpg\" alt=\"\" width=\"267\" height=\"270\" \/><\/td>\n<\/tr>\n<tr>\n<td style=\"text-align: center\" colspan=\"1\" rowspan=\"4\">Syst\u00e8me de surveillance du niveau d&rsquo;huile du transformateur TSS<\/td>\n<td style=\"text-align: center\">Dn25<\/td>\n<td style=\"text-align: center\">CMM-0,4, CMM-0,6,<br \/>\nCMM -0,7, CMM-1,<br \/>\nCMM-2,2<\/td>\n<td colspan=\"1\" rowspan=\"4\">\n<div>\u00a0<img loading=\"lazy\" decoding=\"async\" class=\"alignnone size-full wp-image-10470\" src=\"https:\/\/globecore.com\/wp-content\/uploads\/2018\/04\/gc8.jpg\" alt=\"\" width=\"368\" height=\"282\" \/><\/div>\n<\/td>\n<\/tr>\n<tr>\n<td style=\"text-align: center\">DN25 pour les syst\u00e8mes enti\u00e8rement automatis\u00e9s<\/td>\n<td style=\"text-align: center\">CMM -4, UVM 4\/7,<br \/>\nUVM 4\/7 FULL*<\/td>\n<\/tr>\n<tr>\n<td style=\"text-align: center\">Dn40<\/td>\n<td style=\"text-align: center\">CMM-6, CMM-4,<br \/>\nUVM-4\/7, UVM-6\/7<\/td>\n<\/tr>\n<tr>\n<td style=\"text-align: center\">DN40 pour des syst\u00e8mes enti\u00e8rement automatis\u00e9s<\/td>\n<td style=\"text-align: center\">CMM-6, CMM-4,<br \/>\nUVM-4\/7, UVM-6\/7<\/td>\n<\/tr>\n<tr>\n<td colspan=\"1\" rowspan=\"6\">\n<div style=\"text-align: center\">Tuyaux d&rsquo;huile et d&rsquo;air<br \/>\nTuyau m\u00e9tallique<br \/>\nType tress\u00e9<br \/>\n(prix par\u00a0 m\u00e8tre)<\/div>\n<\/td>\n<td style=\"text-align: center\">Dn 20<\/td>\n<td style=\"text-align: center\">CMM-0,4, CMM-0,6<\/td>\n<td colspan=\"1\" rowspan=\"6\">\n<div>\u00a0<img loading=\"lazy\" decoding=\"async\" class=\"alignnone size-full wp-image-10471\" src=\"https:\/\/globecore.com\/wp-content\/uploads\/2018\/04\/gc9.jpg\" alt=\"\" width=\"363\" height=\"398\" \/><\/div>\n<\/td>\n<\/tr>\n<tr>\n<td style=\"text-align: center\">Dn 25<\/td>\n<td style=\"text-align: center\">CMM-1, CMM-2,2,<br \/>\nCMM-4, CFU-4<\/td>\n<\/tr>\n<tr>\n<td style=\"text-align: center\">Dn 32<\/td>\n<td style=\"text-align: center\">Si tuyau de plus de 10 m\u00e8tres<br \/>\nCMM-4_ CFU-4<\/td>\n<\/tr>\n<tr>\n<td style=\"text-align: center\">Dn 40<\/td>\n<td style=\"text-align: center\">CMM-4, UVM-4\/7,<br \/>\nUVM-6\/7, CMM-6<\/td>\n<\/tr>\n<tr>\n<td style=\"text-align: center\">Dn 50<\/td>\n<td>UVM-10\u0410<\/td>\n<\/tr>\n<tr>\n<td style=\"text-align: center\">Dn 65<\/td>\n<td>UVM-15\u0410<\/td>\n<\/tr>\n<tr>\n<td colspan=\"1\" rowspan=\"6\">\n<div style=\"text-align: center\">Tuyaux d&rsquo;huile en caoutchouc renforc\u00e9s<br \/>\nTuyau m\u00e9tallique<br \/>\nHANSA FLEX<br \/>\n(prix par 10 m\u00e8tres<br \/>\n+ 2 cartouches, 2 mamelons)<\/div>\n<\/td>\n<td style=\"text-align: center\">Dn20<\/td>\n<td>CMM-0,4, CMM-0,6<\/td>\n<td colspan=\"1\" rowspan=\"6\">\n<div>\u00a0<img loading=\"lazy\" decoding=\"async\" class=\"alignnone size-full wp-image-10475\" src=\"https:\/\/globecore.com\/wp-content\/uploads\/2018\/04\/gc10.jpg\" alt=\"\" width=\"363\" height=\"331\" \/><\/div>\n<\/td>\n<\/tr>\n<tr>\n<td style=\"text-align: center\">Dn25<\/td>\n<td>CMM-1, CMM-2,2,<br \/>\nCMM-4, CFU-4<\/td>\n<\/tr>\n<tr>\n<td style=\"text-align: center\">Dn32<\/td>\n<td style=\"text-align: center\">Si tuyau de plus de 10 m\u00e8tres<br \/>\nCMM-4, CFU-4<\/td>\n<\/tr>\n<tr>\n<td style=\"text-align: center\">Dn40<\/td>\n<td style=\"text-align: center\">CMM-4, UVM-4\/7,<br \/>\nUVM-6\/7, CMM-6 ,<br \/>\nUVM 4\/7 FULL*<\/td>\n<\/tr>\n<tr>\n<td style=\"text-align: center\">Dn50<\/td>\n<td style=\"text-align: center\">UVM-10\u0410<\/td>\n<\/tr>\n<tr>\n<td style=\"text-align: center\">Dn65<\/td>\n<td style=\"text-align: center\">UVM-15\u0410<\/td>\n<\/tr>\n<tr>\n<td colspan=\"1\" rowspan=\"6\">\n<p style=\"text-align: center\">Kit de connexion \u00e0 couplage rapide avec clignotants et vannes d&rsquo;arr\u00eat pour tuyaux<\/p>\n<p style=\"text-align: center\">Par kit<br \/>\nUne valve de connexion et un capuchon de protection install\u00e9s de chaque c\u00f4t\u00e9<\/p>\n<\/td>\n<td style=\"text-align: center\">Dn20<\/td>\n<td style=\"text-align: center\">Pour tuyaux Dn20<\/td>\n<td colspan=\"1\" rowspan=\"5\">\n<div>\u00a0<img loading=\"lazy\" decoding=\"async\" class=\"alignnone size-full wp-image-10476\" src=\"https:\/\/globecore.com\/wp-content\/uploads\/2018\/04\/gc11.jpg\" alt=\"\" width=\"369\" height=\"433\" \/><\/div>\n<\/td>\n<\/tr>\n<tr>\n<td style=\"text-align: center\">Dn25<\/td>\n<td style=\"text-align: center\">Pour tuyaux Dn25<\/td>\n<\/tr>\n<tr>\n<td style=\"text-align: center\">Dn32<\/td>\n<td style=\"text-align: center\">Pour tuyaux Dn32<\/td>\n<\/tr>\n<tr>\n<td style=\"text-align: center\">Dn40<\/td>\n<td style=\"text-align: center\">Pour tuyaux Dn40<br \/>\nUVM 4\/7 COMPLET *<\/td>\n<\/tr>\n<tr>\n<td style=\"text-align: center\">Dn50<\/td>\n<td style=\"text-align: center\">Pour tuyaux Dn50<\/td>\n<\/tr>\n<tr>\n<td style=\"text-align: center\">Dn65<\/td>\n<td style=\"text-align: center\">Pour tuyaux Dn65<\/td>\n<td><\/td>\n<\/tr>\n<tr>\n<td colspan=\"1\" rowspan=\"3\">\n<div style=\"text-align: center\">C\u00e2ble d&rsquo;alimentation pour<br \/>\n380-400V 50Hz<\/div>\n<\/td>\n<td style=\"text-align: center\">4 \u0445 2,5<\/td>\n<td style=\"text-align: center\">CFU-1, CFU-2,<br \/>\nCFU-4<\/td>\n<td>32\u0410<\/td>\n<\/tr>\n<tr>\n<td style=\"text-align: center\">4 \u0445 4<\/td>\n<td style=\"text-align: center\">CMM-0,4, CMM-0,6,<br \/>\nCMM-0,7<\/td>\n<td>32\u0410<\/td>\n<\/tr>\n<tr>\n<td style=\"text-align: center\">4 \u0445 16<\/td>\n<td style=\"text-align: center\">CMM-1, CMM-2,2,<br \/>\nCMM-2,2D<\/td>\n<td>125\u0410<\/td>\n<\/tr>\n<tr>\n<td style=\"text-align: center\" colspan=\"1\" rowspan=\"7\">Prise de connecteur de c\u00e2ble + fiche pour se connecter \u00e0 l&rsquo;unit\u00e9<\/td>\n<td style=\"text-align: center\">Pour c\u00e2ble<br \/>\n4 \u0445 2.5<\/td>\n<td style=\"text-align: center\">CFU-1, CFU-2,<br \/>\nCFU-4<\/td>\n<td colspan=\"1\" rowspan=\"7\">\n<div>\u00a0<img loading=\"lazy\" decoding=\"async\" class=\"alignnone size-full wp-image-10478\" src=\"https:\/\/globecore.com\/wp-content\/uploads\/2018\/04\/gc12.jpg\" alt=\"\" width=\"365\" height=\"463\" \/><\/div>\n<\/td>\n<\/tr>\n<tr>\n<td style=\"text-align: center\">Pour c\u00e2ble<br \/>\n4 \u0445 4<\/td>\n<td style=\"text-align: center\">CMM-0,4, CMM-0,6,<br \/>\nCMM-0,7<\/td>\n<\/tr>\n<tr>\n<td style=\"text-align: center\">Pour c\u00e2ble<br \/>\n4 \u0445 16<\/td>\n<td style=\"text-align: center\">CMM-1, CMM-2,2,<br \/>\nCMM-2,2D<\/td>\n<\/tr>\n<tr>\n<td style=\"text-align: center\">Pour c\u00e2ble<br \/>\n4 \u0445 35<\/td>\n<td style=\"text-align: center\">CMM-4, CMM-4D,<br \/>\nUVM-4\/7<\/td>\n<\/tr>\n<tr>\n<td style=\"text-align: center\">Pour c\u00e2ble<br \/>\n4 \u0445 95<\/td>\n<td style=\"text-align: center\">CMM-6, UVM-6\/7<\/td>\n<\/tr>\n<tr>\n<td style=\"text-align: center\">Pour c\u00e2ble<br \/>\n4 \u0445 120<\/td>\n<td style=\"text-align: center\">UVM-10\u0410<\/td>\n<\/tr>\n<tr>\n<td style=\"text-align: center\">Pour c\u00e2ble<br \/>\n4 \u0445 150<\/td>\n<td style=\"text-align: center\">UVM-15\u0410<\/td>\n<\/tr>\n<tr>\n<td colspan=\"1\" rowspan=\"7\">\n<div style=\"text-align: center\">Connecteur pour la connexion du c\u00e2ble d&rsquo;alimentation \u00e0 la source d&rsquo;alimentation<br \/>\nprise murale pour connecter le c\u00e2ble \u00e0 l&rsquo;unit\u00e9<\/div>\n<\/td>\n<td style=\"text-align: center\">Pour c\u00e2ble<br \/>\n4 \u0445 2.5<\/td>\n<td style=\"text-align: center\">CFU-1, CFU-2,<br \/>\nCFU-4<\/td>\n<td colspan=\"1\" rowspan=\"7\">\n<div>\u00a0<img loading=\"lazy\" decoding=\"async\" class=\"alignnone size-full wp-image-10479\" src=\"https:\/\/globecore.com\/wp-content\/uploads\/2018\/04\/gc13.jpg\" alt=\"\" width=\"347\" height=\"381\" \/><\/div>\n<\/td>\n<\/tr>\n<tr>\n<td style=\"text-align: center\">Pour c\u00e2ble<br \/>\n4 \u0445 4<\/td>\n<td style=\"text-align: center\">CMM-0,4, CMM-0,6,<br \/>\nCMM-0,7<\/td>\n<\/tr>\n<tr>\n<td style=\"text-align: center\">Pour c\u00e2ble<br \/>\n4 \u0445 16<\/td>\n<td style=\"text-align: center\">CMM-1, CMM-2,2,<br \/>\nCMM-2,2D<\/td>\n<\/tr>\n<tr>\n<td style=\"text-align: center\">Pour c\u00e2ble<br \/>\n4 \u0445 35<\/td>\n<td style=\"text-align: center\">CMM-4, CMM-4D,<br \/>\nUVM-4\/7<\/td>\n<\/tr>\n<tr>\n<td style=\"text-align: center\">Pour c\u00e2ble<br \/>\n4 \u0445 95<\/td>\n<td style=\"text-align: center\">CMM-6, UVM-6\/7<\/td>\n<\/tr>\n<tr>\n<td style=\"text-align: center\">Pour c\u00e2ble<br \/>\n4 \u0445 120<\/td>\n<td style=\"text-align: center\">UVM-10\u0410<\/td>\n<\/tr>\n<tr>\n<td style=\"text-align: center\">Pour c\u00e2ble<br \/>\n4 \u0445 150<\/td>\n<td style=\"text-align: center\">UVM-15\u0410<\/td>\n<\/tr>\n<tr>\n<td>\n<div style=\"text-align: center\">Voltm\u00e8tre num\u00e9rique triphas\u00e9 mont\u00e9 sur panneau<\/div>\n<\/td>\n<td><\/td>\n<td style=\"text-align: center\">CMM,<br \/>\nCMM-R,<br \/>\nUVM<\/td>\n<td>\u00a0<img loading=\"lazy\" decoding=\"async\" class=\"alignnone size-full wp-image-10480\" src=\"https:\/\/globecore.com\/wp-content\/uploads\/2018\/04\/gc14.jpg\" alt=\"\" width=\"279\" height=\"181\" \/><\/td>\n<\/tr>\n<tr>\n<td>\n<div style=\"text-align: center\">Amp\u00e8rem\u00e8tre num\u00e9rique triphas\u00e9 mont\u00e9 sur panneau<\/div>\n<\/td>\n<td><\/td>\n<td style=\"text-align: center\">CMM,<br \/>\nCMM-R,<br \/>\nUVM<\/td>\n<td>\u00a0<img loading=\"lazy\" decoding=\"async\" class=\"alignnone size-full wp-image-10481\" src=\"https:\/\/globecore.com\/wp-content\/uploads\/2018\/04\/gc15.jpg\" alt=\"\" width=\"296\" height=\"182\" \/><\/td>\n<\/tr>\n<tr>\n<td style=\"text-align: center\">Climatiseur d&rsquo;armoire de commande<\/td>\n<td><\/td>\n<td style=\"text-align: center\">Any equipment operated in ambient temperatures above 40oC<\/td>\n<td>\u00a0<img loading=\"lazy\" decoding=\"async\" class=\"alignnone size-full wp-image-10483\" src=\"https:\/\/globecore.com\/wp-content\/uploads\/2018\/04\/gc16.jpg\" alt=\"\" width=\"246\" height=\"277\" \/><\/td>\n<\/tr>\n<tr>\n<td style=\"text-align: center\">Chauffage de l&rsquo;armoire de commande<\/td>\n<td><\/td>\n<td style=\"text-align: center\">Any equipment operated in ambient temperatures below 5oC<\/td>\n<td>\u00a0<img loading=\"lazy\" decoding=\"async\" class=\"alignnone size-full wp-image-10484\" src=\"https:\/\/globecore.com\/wp-content\/uploads\/2018\/04\/gc17.jpg\" alt=\"\" width=\"289\" height=\"272\" \/><\/td>\n<\/tr>\n<tr>\n<td style=\"text-align: center\">Chauffage moteur pour d\u00e9marrage \u00e0 froid<\/td>\n<td style=\"text-align: center\">Ventilateur de chaleur<br \/>\n(2-3 kW)<br \/>\n(5 kW)<\/td>\n<td>Any equipment operated in ambient temperatures below 5oC<\/td>\n<td>\u00a0<img loading=\"lazy\" decoding=\"async\" class=\"alignnone size-full wp-image-10485\" src=\"https:\/\/globecore.com\/wp-content\/uploads\/2018\/04\/gc18.jpg\" alt=\"\" width=\"327\" height=\"273\" \/><\/td>\n<\/tr>\n<tr>\n<td colspan=\"1\" rowspan=\"2\">\n<div style=\"text-align: center\">Bobine motoris\u00e9e<\/div>\n<\/td>\n<td style=\"text-align: center\">1300 mm de diam\u00e8tre<\/td>\n<td><\/td>\n<td colspan=\"1\" rowspan=\"2\">\n<div><\/div>\n<\/td>\n<\/tr>\n<tr>\n<td style=\"text-align: center\">700 mm de diam\u00e8tre<\/td>\n<td><\/td>\n<\/tr>\n<tr>\n<td style=\"text-align: center\">Enrouleur de c\u00e2ble ou de tuyau<\/td>\n<td style=\"text-align: center\">500 mm de diam\u00e8tre<\/td>\n<td><\/td>\n<td>\u00a0<img loading=\"lazy\" decoding=\"async\" class=\"alignnone size-full wp-image-10486\" src=\"https:\/\/globecore.com\/wp-content\/uploads\/2018\/04\/gc19.jpg\" alt=\"\" width=\"238\" height=\"274\" \/><\/td>\n<\/tr>\n<tr>\n<td colspan=\"1\" rowspan=\"3\">\n<div style=\"text-align: center\">Enrouleur de c\u00e2ble ou de tuyau motoris\u00e9<\/div>\n<\/td>\n<td style=\"text-align: center\">1300 mm de diam\u00e8tre<\/td>\n<td><\/td>\n<td colspan=\"1\" rowspan=\"3\">\n<div>\u00a0<img loading=\"lazy\" decoding=\"async\" class=\"alignnone size-full wp-image-10486\" src=\"https:\/\/globecore.com\/wp-content\/uploads\/2018\/04\/gc19.jpg\" alt=\"\" width=\"238\" height=\"274\" \/><\/div>\n<\/td>\n<\/tr>\n<tr>\n<td style=\"text-align: center\">700 mm de diam\u00e8tre<\/td>\n<td><\/td>\n<\/tr>\n<tr>\n<td style=\"text-align: center\">500 mm de diam\u00e8trer<\/td>\n<td><\/td>\n<\/tr>\n<tr>\n<td style=\"text-align: center\">Conteneur isotherme<\/td>\n<td style=\"text-align: center\">UVM-10\/10\u0422<\/td>\n<td><\/td>\n<td>\u00a0<img loading=\"lazy\" decoding=\"async\" class=\"alignnone size-full wp-image-10488\" src=\"https:\/\/globecore.com\/wp-content\/uploads\/2018\/04\/gc21.jpg\" alt=\"\" width=\"365\" height=\"249\" \/><\/td>\n<\/tr>\n<tr>\n<td style=\"text-align: center\" colspan=\"1\" rowspan=\"2\">Installation sur roues<\/td>\n<td style=\"text-align: center\">Jusqu&rsquo;\u00e0 1000 kg de charge<\/td>\n<td style=\"text-align: center\">CMM2,2D, CMM4D,<br \/>\nUVM4\/7, UVM6\/7<\/td>\n<td colspan=\"1\" rowspan=\"2\">\n<div><\/div>\n<\/td>\n<\/tr>\n<tr>\n<td style=\"text-align: center\">Jusqu&rsquo;\u00e0 2300 kg de charge<\/td>\n<td style=\"text-align: center\">UVM10\u0410,<br \/>\nUVM15\u0410<\/td>\n<\/tr>\n<tr>\n<td>Pulv\u00e9risateur d&rsquo;huile interne de transformateur,<br \/>\nPulv\u00e9risation d&rsquo;huile 3500<\/td>\n<td><\/td>\n<td><\/td>\n<td><\/td>\n<\/tr>\n<tr>\n<td style=\"text-align: center\">G\u00e9n\u00e9rateur (pas de logement)<\/td>\n<td style=\"text-align: center\">UVM 6\/7<\/td>\n<td><\/td>\n<td>\u00a0<img loading=\"lazy\" decoding=\"async\" class=\"alignnone size-full wp-image-10489\" src=\"https:\/\/globecore.com\/wp-content\/uploads\/2018\/04\/gc22.jpg\" alt=\"\" width=\"228\" height=\"265\" \/><\/td>\n<\/tr>\n<tr>\n<td colspan=\"3\" rowspan=\"1\">\u00a0 Contr\u00f4leur \u0420LC<\/td>\n<td>\u00a0<img loading=\"lazy\" decoding=\"async\" class=\"alignnone size-full wp-image-10490\" src=\"https:\/\/globecore.com\/wp-content\/uploads\/2018\/04\/gc23.jpg\" alt=\"\" width=\"326\" height=\"273\" \/><\/td>\n<\/tr>\n<tr>\n<td style=\"text-align: center\">Bo\u00eetier de l&rsquo;unit\u00e9 en acier inoxydable<\/td>\n<td><\/td>\n<td><\/td>\n<td>\u00a0<img loading=\"lazy\" decoding=\"async\" class=\"alignnone size-full wp-image-10492\" src=\"https:\/\/globecore.com\/wp-content\/uploads\/2018\/04\/gc24.jpg\" alt=\"\" width=\"359\" height=\"255\" \/><\/td>\n<\/tr>\n<tr>\n<td>\n<div style=\"text-align: center\">Couleur personnalis\u00e9e (temps de fabrication plus 15 jours)<\/div>\n<\/td>\n<td><\/td>\n<td><\/td>\n<td><\/td>\n<\/tr>\n<tr>\n<td style=\"text-align: center\">Couleur personnalis\u00e9e (temps de fabrication plus 15 jours)<\/td>\n<td style=\"text-align: center\">Manteau &#8211; 1975<br \/>\n280 microns<\/td>\n<td><\/td>\n<td><\/td>\n<\/tr>\n<tr>\n<td colspan=\"1\" rowspan=\"2\">\n<div style=\"text-align: center\">Manteau de zinc chaud<\/div>\n<\/td>\n<td><\/td>\n<td style=\"text-align: center\">UVM 4\/7,<br \/>\nUVM 6\/7<\/td>\n<td colspan=\"1\" rowspan=\"2\">\n<div>\u00a0<img loading=\"lazy\" decoding=\"async\" class=\"alignnone size-full wp-image-10493\" src=\"https:\/\/globecore.com\/wp-content\/uploads\/2018\/04\/gc25.jpg\" alt=\"\" width=\"188\" height=\"186\" \/><\/div>\n<\/td>\n<\/tr>\n<tr>\n<td><\/td>\n<td style=\"text-align: center\">CMM 0,4, 1227,27<br \/>\nCMM 0,6<\/td>\n<\/tr>\n<tr>\n<td colspan=\"1\" rowspan=\"3\">\n<div style=\"text-align: center\">remorques<\/div>\n<\/td>\n<td style=\"text-align: center\">Essieu simple<br \/>\n1,5 tonne<\/td>\n<td colspan=\"1\" rowspan=\"2\">\n<div style=\"text-align: center\">CMM<\/div>\n<\/td>\n<td colspan=\"1\" rowspan=\"3\">\n<div>\u00a0<img loading=\"lazy\" decoding=\"async\" class=\"alignnone size-full wp-image-10494\" src=\"https:\/\/globecore.com\/wp-content\/uploads\/2018\/04\/gc26.jpg\" alt=\"\" width=\"355\" height=\"260\" \/><\/div>\n<\/td>\n<\/tr>\n<tr>\n<td style=\"text-align: center\">Deux essieux<br \/>\n1,5 tonne<\/td>\n<\/tr>\n<tr>\n<td style=\"text-align: center\">Deux essieux<br \/>\n3,5 tonnes<\/td>\n<td style=\"text-align: center\">UVM 4\/7, 6364<br \/>\nUVM 6\/7<\/td>\n<\/tr>\n<tr>\n<td colspan=\"3\" rowspan=\"1\">\u00a0 Prise 220V<\/td>\n<td><\/td>\n<\/tr>\n<tr>\n<td colspan=\"1\" rowspan=\"3\">\n<div style=\"text-align: center\">Compartiment de rangement de tuyau \u00e9largi<\/div>\n<\/td>\n<td><\/td>\n<td style=\"text-align: center\">Pour toutes les unit\u00e9s<\/td>\n<td colspan=\"1\" rowspan=\"3\">\n<div><\/div>\n<\/td>\n<\/tr>\n<tr>\n<td><\/td>\n<td style=\"text-align: center\">Pour UVM 6\/7 Light<\/td>\n<\/tr>\n<tr>\n<td><\/td>\n<td style=\"text-align: center\">Pour UVM 6\/7 Premium<\/td>\n<\/tr>\n<tr>\n<td style=\"text-align: center\">Colonnes inversibles<\/td>\n<td><\/td>\n<td style=\"text-align: center\">Pour \u0421\u041c\u041c R<\/td>\n<td><\/td>\n<\/tr>\n<tr>\n<td style=\"text-align: center\">Joints Viton<\/td>\n<td><\/td>\n<td style=\"text-align: center\">Pour \u0421\u041c\u041c 0,6<\/td>\n<td><\/td>\n<\/tr>\n<tr>\n<td style=\"text-align: center\">Prix suppl\u00e9mentaire couleur personnalis\u00e9e<\/td>\n<td><\/td>\n<td style=\"text-align: center\">Pour \u0421\u041c\u041c 0,6<\/td>\n<td><\/td>\n<\/tr>\n<tr>\n<td style=\"text-align: center\">Compteur m\u00e9canique \u00e0 distance<\/td>\n<td><\/td>\n<td style=\"text-align: center\">Pour \u0421\u041c\u041c 0,6<\/td>\n<td><\/td>\n<\/tr>\n<tr>\n<td style=\"text-align: center\" colspan=\"3\" rowspan=\"1\">\u00c9l\u00e9ment filtrant de 5 microns<\/td>\n<td><\/td>\n<\/tr>\n<tr>\n<td colspan=\"1\" rowspan=\"3\">\n<div style=\"text-align: center\">Bo\u00eetier m\u00e9tallique<\/div>\n<\/td>\n<td style=\"text-align: center\">Light<\/td>\n<td style=\"text-align: center\">UVM 4\/7, UVM 6\/7<\/td>\n<td colspan=\"1\" rowspan=\"3\">\n<div><\/div>\n<\/td>\n<\/tr>\n<tr>\n<td style=\"text-align: center\">Nouveau profil en PVC design<\/td>\n<td style=\"text-align: center\">UVM 4\/7, UVM 6\/7<\/td>\n<\/tr>\n<tr>\n<td style=\"text-align: center\">Couvercle en acier inoxydable<\/td>\n<td style=\"text-align: center\">UVM 4\/7, UVM 6\/7,<br \/>\nUVM 4\/7 FULL<\/td>\n<\/tr>\n<tr>\n<td colspan=\"1\" rowspan=\"3\">\n<div style=\"text-align: center\">Les pompes \u00e0 vide<\/div>\n<\/td>\n<td style=\"text-align: center\">\u0421\u042010<\/td>\n<td><\/td>\n<td colspan=\"1\" rowspan=\"3\">\n<div><\/div>\n<\/td>\n<\/tr>\n<tr>\n<td style=\"text-align: center\">\u0421\u042030<\/td>\n<td><\/td>\n<\/tr>\n<tr>\n<td style=\"text-align: center\">\u0421\u042040<\/td>\n<td><\/td>\n<\/tr>\n<tr>\n<td style=\"text-align: center\">Pompe \u00e0 vide RVS &#8211; 800<\/td>\n<td style=\"text-align: center\">Avec moteur \u00e9lectrique<br \/>\n15 kW<br \/>\n380-660V 60Hz<\/td>\n<td><\/td>\n<td><\/td>\n<\/tr>\n<tr>\n<td colspan=\"1\" rowspan=\"4\">\n<div style=\"text-align: center\">Chauffe-bandes<\/div>\n<\/td>\n<td style=\"text-align: center\">50 kW<\/td>\n<td><\/td>\n<td colspan=\"1\" rowspan=\"4\">\n<div><\/div>\n<\/td>\n<\/tr>\n<tr>\n<td style=\"text-align: center\">70 kW<\/td>\n<td><\/td>\n<\/tr>\n<tr>\n<td style=\"text-align: center\">100 kW<\/td>\n<td><\/td>\n<\/tr>\n<tr>\n<td style=\"text-align: center\">150 kW<\/td>\n<td><\/td>\n<\/tr>\n<\/tbody>\n<\/table>\n","protected":false},"excerpt":{"rendered":"<p>D\u00e9signation Sp\u00e9cifications Utilisation\u00a0dans les installations Photo capteur d&rsquo;humidit\u00e9 d&rsquo;huile\u00a0min\u00e9rale\u00a0 de transformateur 0\u2026100 ppm CMM-R, UVM, CMM, UVM 4\/7 FULL* \u00a0 Capteur de particules solides d&rsquo;huile de transformateur CS1320-A-0-0-0-1\/-000 Indique la puret\u00e9 ISO 4406 CMM-R, CMM, UVM, CFU \u00a0 Compteur d&rsquo;huile m\u00e9canique \/ 3209,58 up to 1000 l\/h CMM-0,4, CMM-0,6, CMM 0,7, CMM-1, CFU-1 \u00a0 jusqu&rsquo;\u00e0<a class=\"cg-read-more\" href=\"https:\/\/fuelcleaning.globecore.com\/fr\/products\/accessories\/\" target=\"_blank\">Read More <\/a><\/p>\n","protected":false},"author":40,"featured_media":0,"parent":5537,"menu_order":0,"comment_status":"closed","ping_status":"closed","template":"page-templates\/page-single-products.php","meta":{"footnotes":""},"class_list":["post-6110","page","type-page","status-publish","hentry"],"language":"fr","acf":[],"_links":{"self":[{"href":"https:\/\/fuelcleaning.globecore.com\/fr\/wp-json\/wp\/v2\/pages\/6110","targetHints":{"allow":["GET"]}}],"collection":[{"href":"https:\/\/fuelcleaning.globecore.com\/fr\/wp-json\/wp\/v2\/pages"}],"about":[{"href":"https:\/\/fuelcleaning.globecore.com\/fr\/wp-json\/wp\/v2\/types\/page"}],"author":[{"embeddable":true,"href":"https:\/\/fuelcleaning.globecore.com\/fr\/wp-json\/wp\/v2\/users\/40"}],"replies":[{"embeddable":true,"href":"https:\/\/fuelcleaning.globecore.com\/fr\/wp-json\/wp\/v2\/comments?post=6110"}],"version-history":[{"count":0,"href":"https:\/\/fuelcleaning.globecore.com\/fr\/wp-json\/wp\/v2\/pages\/6110\/revisions"}],"up":[{"embeddable":true,"href":"https:\/\/fuelcleaning.globecore.com\/fr\/wp-json\/wp\/v2\/pages\/5537"}],"wp:attachment":[{"href":"https:\/\/fuelcleaning.globecore.com\/fr\/wp-json\/wp\/v2\/media?parent=6110"}],"curies":[{"name":"wp","href":"https:\/\/api.w.org\/{rel}","templated":true}]}}