{"id":6123,"date":"2016-09-14T11:46:17","date_gmt":"2016-09-14T08:46:17","guid":{"rendered":"https:\/\/fuelcleaning.globecore.com\/products\/sukhovey-air-drying-unit"},"modified":"2020-02-07T09:54:18","modified_gmt":"2020-02-07T06:54:18","slug":"sukhovey-air-drying-unit","status":"publish","type":"page","link":"https:\/\/fuelcleaning.globecore.com\/fr\/products\/sukhovey-air-drying-unit\/","title":{"rendered":"UNIT\u00c9 MOJAVE DE S\u00c9CHAGE \u00c0 AIR CHAUD"},"content":{"rendered":"<div id=\"pl-6123\" class=\"panel-layout\">\n<div id=\"pg-6123-0\" class=\"panel-grid panel-no-style\">\n<div id=\"pgc-6123-0-0\" class=\"panel-grid-cell\">\n<div id=\"panel-6123-0-0-0\" class=\"so-panel widget widget_sow-editor panel-first-child panel-last-child\">\n<div class=\"so-widget-sow-editor so-widget-sow-editor-base\">\n<div class=\"siteorigin-widget-tinymce textwidget\">\n<p><img loading=\"lazy\" decoding=\"async\" class=\"aligncenter size-medium wp-image-4034\" src=\"http:\/\/fuelcleaning.globecore.com\/wp-content\/uploads\/sites\/2\/2013\/11\/\u0441\u0443\u0445\u043e\u0432\u0435\u0439-4-488x600.jpg\" alt=\"%d1%81%d1%83%d1%85%d0%be%d0%b2%d0%b5%d0%b9-4\" width=\"488\" height=\"600\" \/><\/p>\n<\/div>\n<\/div>\n<\/div>\n<\/div>\n<div id=\"pgc-6123-0-1\" class=\"panel-grid-cell\">\n<div id=\"panel-6123-0-1-0\" class=\"so-panel widget widget_sow-editor panel-first-child panel-last-child\">\n<div class=\"so-widget-sow-editor so-widget-sow-editor-base\">\n<div class=\"siteorigin-widget-tinymce textwidget\">\n<p>Cet \u00e9quipement est con\u00e7u pour d\u00e9shydrater l\u2019air atmosph\u00e9rique de -50\u00b0C \u00e0 -70\u00b0C et pour \u00e9liminer les impuret\u00e9s m\u00e9caniques.\u00a0 L\u2019unit\u00e9 Mojave peut \u00eatre utilis\u00e9e lors de l\u2019installation et de la r\u00e9paration de transformateurs de puissance. Mojave est particuli\u00e8rement utile:<\/p>\n<ul>\n<li>lorsque la cuve d\u2019un transformateur de puissance est ouverte;<\/li>\n<li>en vidant l\u2019huile des transformateurs de puissance;<\/li>\n<li>pour s\u00e9cher de petits transformateurs \u00e0 la tension jusqu\u2019\u00e0 110 kV avec de l\u2019air chaud et sec.<\/li>\n<\/ul>\n<p>En outre, cette unit\u00e9 est \u00e0 r\u00e9cup\u00e9rer des sorbants dans des \u00e9quipements de tiers en les chauffant \u00e0 la temp\u00e9rature de 400\u00ba \u00e0 430\u00baC.\u00a0 L\u2019unit\u00e9 peut \u00e9galement \u00eatre utilis\u00e9e en agriculture pour s\u00e9cher des graines, du foin et d\u2019autres produits agricoles.<\/p>\n<p>La version automatis\u00e9e de Mojave est command\u00e9e depuis un panneau tactile ce qui vous permet de choisir les modes de fonctionnement n\u00e9cessaires. Le d\u00e9bit d\u2019air est ajust\u00e9 par des variateurs de fr\u00e9quence (un par chaque ventilateur).\u00a0 La temp\u00e9rature install\u00e9e est maintenue par le contr\u00f4le PID.<\/p>\n<p>Les unit\u00e9s Mojave automatis\u00e9es r\u00e9duisent la consommation d\u2019\u00e9nergie et les co\u00fbts de main-d\u2019\u0153uvre tout en assurant l\u2019\u00e9tanch\u00e9it\u00e9 de l\u2019\u00e9quipement \u00e9lectrique lors de l\u2019assemblage et r\u00e9paration.<\/p>\n<p>On peut trouver la liste de performances ici. Si vous avez des questions concernant le choix des installations de s\u00e9chage de l\u2019air \u00ab\u00a0Mojave\u00a0\u00bb, vous pouvez toujours obtenir une consultation qualifi\u00e9e aupr\u00e8s d\u2019un ing\u00e9nieur ou d\u2019un responsable de\u00a0<strong><em>GlobeCore<\/em><\/strong>.<\/p>\n<\/div>\n<\/div>\n<\/div>\n<\/div>\n<\/div>\n<div id=\"pg-6123-1\" class=\"panel-grid panel-no-style\">\n<div id=\"pgc-6123-1-0\" class=\"panel-grid-cell\">\n<div id=\"panel-6123-1-0-0\" class=\"so-panel widget widget_sow-editor panel-first-child panel-last-child\">\n<div class=\"so-widget-sow-editor so-widget-sow-editor-base\">\n<div class=\"siteorigin-widget-tinymce textwidget\">\n<h3>Specification<\/h3>\n<table>\n<tbody>\n<tr>\n<td rowspan=\"2\" width=\"443\"><strong>Parametre<\/strong><\/td>\n<td colspan=\"2\" width=\"227\"><strong>Valeur<\/strong><\/td>\n<\/tr>\n<tr>\n<td width=\"113\"><strong>Sukhovey 0.7<\/strong><\/td>\n<td width=\"113\"><strong>Sukhovey 4<\/strong><\/td>\n<\/tr>\n<tr>\n<td width=\"443\">Capacit\u00e9 d&rsquo;air sec, m3 \/ minute, min \/ , min \/ cubic yard<\/td>\n<td width=\"113\">1.7\/2.223<\/td>\n<td width=\"113\">2.5\/3.27<\/td>\n<\/tr>\n<tr>\n<td width=\"443\">Point de ros\u00e9e de l&rsquo;air sec, \u00b0 \u0421 \/ \u00b0 F, max<\/td>\n<td width=\"113\">-50\/-58<\/td>\n<td width=\"113\">-50\/-58<\/td>\n<\/tr>\n<tr>\n<td width=\"443\">Pression d&rsquo;air sec, MPa \/ bar, max<\/td>\n<td width=\"113\">0.018\/0.18<\/td>\n<td width=\"113\">0.025\/0.25<\/td>\n<\/tr>\n<tr>\n<td width=\"443\">Temp\u00e9rature maximale de l&rsquo;air sec, \u00b0\u0421\/\u00b0F<\/td>\n<td width=\"113\">90\u00b115\/194\u00b127<\/td>\n<td width=\"113\">90\u00b115\/194\u00b127<\/td>\n<\/tr>\n<tr>\n<td width=\"443\">Charge d&rsquo;adsorbant, kg\/lbs, max<\/td>\n<td width=\"113\">190\/419.9<\/td>\n<td width=\"113\">190\/419.9<\/td>\n<\/tr>\n<tr>\n<td width=\"443\">Nombre d&rsquo;adsorbeurs.<\/td>\n<td width=\"113\">1<\/td>\n<td width=\"113\">2<\/td>\n<\/tr>\n<tr>\n<td width=\"443\">Temp\u00e9rature de r\u00e9g\u00e9n\u00e9ration de la z\u00e9olite, \u00b0\u0421\/\u00b0F, max<\/td>\n<td width=\"113\">430\/806<\/td>\n<td width=\"113\">430\/806<\/td>\n<\/tr>\n<tr>\n<td width=\"443\">Puissance du r\u00e9chauffeur d&rsquo;air, kW, Max<\/td>\n<td width=\"113\">24<\/td>\n<td width=\"113\">24<\/td>\n<\/tr>\n<tr>\n<td colspan=\"3\" width=\"670\">Consommation nominale, kW max<\/td>\n<\/tr>\n<tr>\n<td width=\"443\">S\u00e9chage \u00e0 l&rsquo;air (mode de fonctionnement normal)<\/td>\n<td width=\"113\">1<\/td>\n<td width=\"113\">5.05<\/td>\n<\/tr>\n<tr>\n<td width=\"443\">R\u00e9g\u00e9n\u00e9ration de sorbants dans un seul adsorbeur<\/td>\n<td width=\"113\">25<\/td>\n<td width=\"113\">30<\/td>\n<\/tr>\n<tr>\n<td width=\"443\">R\u00e9g\u00e9n\u00e9ration de sorbants dans deux adsorbeurs<\/td>\n<td width=\"113\">\u2013<\/td>\n<td width=\"113\">55<\/td>\n<\/tr>\n<tr>\n<td width=\"443\">Tension d&rsquo;alimentation nominale \u00e0 50 Hz \/ 60 Hz, V (l&rsquo;\u00e9nergie \u00e9lectrique peut \u00eatre enti\u00e8rement personnalis\u00e9e sur demande)<\/td>\n<td width=\"113\">380<\/td>\n<td width=\"113\">380<\/td>\n<\/tr>\n<tr>\n<td width=\"443\">Temp\u00e9rature de l&rsquo;air de sortie pour la r\u00e9g\u00e9n\u00e9ration des adsorbants externes, \u00b0\u0421\/\u00b0F, max<\/td>\n<td width=\"113\">430\/806<\/td>\n<td width=\"113\">430\/806<\/td>\n<\/tr>\n<tr>\n<td width=\"443\">Dur\u00e9e de r\u00e9g\u00e9n\u00e9ration de l&rsquo;adsorbant, heures<\/td>\n<td width=\"113\">4<\/td>\n<td width=\"113\">2-4<\/td>\n<\/tr>\n<tr>\n<td width=\"443\">Finesse de filtration de l&rsquo;air sec, micron<\/td>\n<td width=\"113\">5<\/td>\n<td width=\"113\">5<\/td>\n<\/tr>\n<tr>\n<td colspan=\"3\" width=\"670\">Dimensions, mm\/ft, max:<\/td>\n<\/tr>\n<tr>\n<td width=\"443\">\u2022 longueur<\/td>\n<td width=\"113\">1350\/4\u20195\u2019\u2019<\/td>\n<td width=\"113\">1500\/4\u201911\u2019\u2019<\/td>\n<\/tr>\n<tr>\n<td width=\"443\">\u2022 largeur<\/td>\n<td width=\"113\">800\/2\u20198\u2019\u2019<\/td>\n<td width=\"113\">1200\/3\u201911\u2019\u2019<\/td>\n<\/tr>\n<tr>\n<td width=\"443\">\u2022 hauteur<\/td>\n<td width=\"113\">1700\/5\u20197\u2019\u2019<\/td>\n<td width=\"113\">2100\/6\u201911\u2019\u2019<\/td>\n<\/tr>\n<tr>\n<td width=\"443\">poids, kg\/lbs, max<\/td>\n<td width=\"113\">550\/ 1,215.5<\/td>\n<td width=\"113\">1050\/ 2,320.5<\/td>\n<\/tr>\n<\/tbody>\n<\/table>\n<p>&nbsp;<\/p>\n<\/div>\n<\/div>\n<\/div>\n<\/div>\n<\/div>\n<\/div>\n","protected":false},"excerpt":{"rendered":"<p>Cet \u00e9quipement est con\u00e7u pour d\u00e9shydrater l\u2019air atmosph\u00e9rique de -50\u00b0C \u00e0 -70\u00b0C et pour \u00e9liminer les impuret\u00e9s m\u00e9caniques.\u00a0 L\u2019unit\u00e9 Mojave peut \u00eatre utilis\u00e9e lors de l\u2019installation et de la r\u00e9paration de transformateurs de puissance. Mojave est particuli\u00e8rement utile: lorsque la cuve d\u2019un transformateur de puissance est ouverte; en vidant l\u2019huile des transformateurs de puissance; pour<a class=\"cg-read-more\" href=\"https:\/\/fuelcleaning.globecore.com\/fr\/products\/sukhovey-air-drying-unit\/\" target=\"_blank\">Read More <\/a><\/p>\n","protected":false},"author":2,"featured_media":0,"parent":5537,"menu_order":0,"comment_status":"closed","ping_status":"closed","template":"page-templates\/page-single-products.php","meta":{"footnotes":""},"class_list":["post-6123","page","type-page","status-publish","hentry"],"language":"fr","acf":[],"_links":{"self":[{"href":"https:\/\/fuelcleaning.globecore.com\/fr\/wp-json\/wp\/v2\/pages\/6123","targetHints":{"allow":["GET"]}}],"collection":[{"href":"https:\/\/fuelcleaning.globecore.com\/fr\/wp-json\/wp\/v2\/pages"}],"about":[{"href":"https:\/\/fuelcleaning.globecore.com\/fr\/wp-json\/wp\/v2\/types\/page"}],"author":[{"embeddable":true,"href":"https:\/\/fuelcleaning.globecore.com\/fr\/wp-json\/wp\/v2\/users\/2"}],"replies":[{"embeddable":true,"href":"https:\/\/fuelcleaning.globecore.com\/fr\/wp-json\/wp\/v2\/comments?post=6123"}],"version-history":[{"count":0,"href":"https:\/\/fuelcleaning.globecore.com\/fr\/wp-json\/wp\/v2\/pages\/6123\/revisions"}],"up":[{"embeddable":true,"href":"https:\/\/fuelcleaning.globecore.com\/fr\/wp-json\/wp\/v2\/pages\/5537"}],"wp:attachment":[{"href":"https:\/\/fuelcleaning.globecore.com\/fr\/wp-json\/wp\/v2\/media?parent=6123"}],"curies":[{"name":"wp","href":"https:\/\/api.w.org\/{rel}","templated":true}]}}